{"id":37,"date":"2018-06-05T14:21:02","date_gmt":"2018-06-05T11:21:02","guid":{"rendered":"http:\/\/www.bakrac.com.tr\/?page_id=37"},"modified":"2018-07-11T10:57:46","modified_gmt":"2018-07-11T07:57:46","slug":"beyaz-peynirler","status":"publish","type":"page","link":"http:\/\/www.bakrac.com.tr\/tr\/beyaz-peynirler\/","title":{"rendered":"Beyaz Peynirler"},"content":{"rendered":"\t\t<div data-elementor-type=\"wp-post\" data-elementor-id=\"37\" class=\"elementor elementor-37 elementor-bc-flex-widget\" data-elementor-settings=\"[]\">\n\t\t\t\t\t\t\t<div class=\"elementor-section-wrap\">\n\t\t\t\t\t\t\t<section class=\"has_eae_slider elementor-section elementor-top-section elementor-element elementor-element-7189d856 elementor-section-boxed elementor-section-height-default elementor-section-height-default\" data-id=\"7189d856\" data-element_type=\"section\">\n\t\t\t\t\t\t<div class=\"elementor-container elementor-column-gap-default\">\n\t\t\t\t\t<div class=\"has_eae_slider elementor-column elementor-col-33 elementor-top-column elementor-element elementor-element-6204c985\" data-id=\"6204c985\" data-element_type=\"column\">\n\t\t\t<div class=\"elementor-widget-wrap elementor-element-populated\">\n\t\t\t\t\t\t\t\t<div class=\"elementor-element elementor-element-78bbc48c elementor-invisible elementor-widget elementor-widget-heading\" data-id=\"78bbc48c\" data-element_type=\"widget\" data-settings=\"{&quot;_animation&quot;:&quot;bounce&quot;}\" data-widget_type=\"heading.default\">\n\t\t\t\t<div class=\"elementor-widget-container\">\n\t\t\t<style>\/*! elementor - v3.5.4 - 23-01-2022 *\/\n.elementor-heading-title{padding:0;margin:0;line-height:1}.elementor-widget-heading .elementor-heading-title[class*=elementor-size-]>a{color:inherit;font-size:inherit;line-height:inherit}.elementor-widget-heading .elementor-heading-title.elementor-size-small{font-size:15px}.elementor-widget-heading .elementor-heading-title.elementor-size-medium{font-size:19px}.elementor-widget-heading .elementor-heading-title.elementor-size-large{font-size:29px}.elementor-widget-heading .elementor-heading-title.elementor-size-xl{font-size:39px}.elementor-widget-heading .elementor-heading-title.elementor-size-xxl{font-size:59px}<\/style><h2 class=\"elementor-heading-title elementor-size-default\"><a href=\"http:\/\/www.bakrac.com.tr\/tam-yagli-peynir\/\">Tam Ya\u011fl\u0131 Peynir<\/a><\/h2>\t\t<\/div>\n\t\t\t\t<\/div>\n\t\t\t\t<div class=\"elementor-element elementor-element-7301d80f elementor-widget elementor-widget-image\" data-id=\"7301d80f\" data-element_type=\"widget\" data-widget_type=\"image.default\">\n\t\t\t\t<div class=\"elementor-widget-container\">\n\t\t\t<style>\/*! elementor - v3.5.4 - 23-01-2022 *\/\n.elementor-widget-image{text-align:center}.elementor-widget-image a{display:inline-block}.elementor-widget-image a img[src$=\".svg\"]{width:48px}.elementor-widget-image img{vertical-align:middle;display:inline-block}<\/style>\t\t\t\t\t\t\t\t\t\t\t\t\t<a href=\"http:\/\/www.bakrac.com.tr\/tam-yagli-peynir\/\">\n\t\t\t\t\t\t\t<img width=\"1800\" height=\"1200\" src=\"http:\/\/www.bakrac.com.tr\/wp-content\/uploads\/2018\/06\/B6-1800x1200.jpg\" class=\"elementor-animation-buzz-out attachment-large size-large\" alt=\"\" loading=\"lazy\" srcset=\"http:\/\/www.bakrac.com.tr\/wp-content\/uploads\/2018\/06\/B6-1800x1200.jpg 1800w, http:\/\/www.bakrac.com.tr\/wp-content\/uploads\/2018\/06\/B6-600x400.jpg 600w, http:\/\/www.bakrac.com.tr\/wp-content\/uploads\/2018\/06\/B6-300x200.jpg 300w, http:\/\/www.bakrac.com.tr\/wp-content\/uploads\/2018\/06\/B6-768x512.jpg 768w, http:\/\/www.bakrac.com.tr\/wp-content\/uploads\/2018\/06\/B6-1024x683.jpg 1024w, http:\/\/www.bakrac.com.tr\/wp-content\/uploads\/2018\/06\/B6-1620x1080.jpg 1620w\" sizes=\"(max-width: 1800px) 100vw, 1800px\" \/>\t\t\t\t\t\t\t\t<\/a>\n\t\t\t\t\t\t\t\t\t\t\t\t\t\t\t<\/div>\n\t\t\t\t<\/div>\n\t\t\t\t\t<\/div>\n\t\t<\/div>\n\t\t\t\t<div class=\"has_eae_slider elementor-column elementor-col-33 elementor-top-column elementor-element elementor-element-cea2d04\" data-id=\"cea2d04\" data-element_type=\"column\">\n\t\t\t<div class=\"elementor-widget-wrap elementor-element-populated\">\n\t\t\t\t\t\t\t\t<div class=\"elementor-element elementor-element-c5befe4 elementor-invisible elementor-widget elementor-widget-heading\" data-id=\"c5befe4\" data-element_type=\"widget\" data-settings=\"{&quot;_animation&quot;:&quot;bounce&quot;}\" data-widget_type=\"heading.default\">\n\t\t\t\t<div class=\"elementor-widget-container\">\n\t\t\t<h2 class=\"elementor-heading-title elementor-size-default\"><a href=\"http:\/\/www.bakrac.com.tr\/otlu-peynir\/\">Otlu Peynir<\/a><\/h2>\t\t<\/div>\n\t\t\t\t<\/div>\n\t\t\t\t<div class=\"elementor-element elementor-element-ca51622 elementor-widget elementor-widget-image\" data-id=\"ca51622\" data-element_type=\"widget\" data-widget_type=\"image.default\">\n\t\t\t\t<div class=\"elementor-widget-container\">\n\t\t\t\t\t\t\t\t\t\t\t\t\t\t\t\t<a href=\"http:\/\/www.bakrac.com.tr\/otlu-peynir\/\">\n\t\t\t\t\t\t\t<img width=\"1800\" height=\"1200\" src=\"http:\/\/www.bakrac.com.tr\/wp-content\/uploads\/2018\/06\/5V7A6070-1800x1200.jpg\" class=\"elementor-animation-buzz-out attachment-large size-large\" alt=\"\" loading=\"lazy\" srcset=\"http:\/\/www.bakrac.com.tr\/wp-content\/uploads\/2018\/06\/5V7A6070-1800x1200.jpg 1800w, http:\/\/www.bakrac.com.tr\/wp-content\/uploads\/2018\/06\/5V7A6070-300x200.jpg 300w, http:\/\/www.bakrac.com.tr\/wp-content\/uploads\/2018\/06\/5V7A6070-768x512.jpg 768w, http:\/\/www.bakrac.com.tr\/wp-content\/uploads\/2018\/06\/5V7A6070-1024x683.jpg 1024w, http:\/\/www.bakrac.com.tr\/wp-content\/uploads\/2018\/06\/5V7A6070-1620x1080.jpg 1620w\" sizes=\"(max-width: 1800px) 100vw, 1800px\" \/>\t\t\t\t\t\t\t\t<\/a>\n\t\t\t\t\t\t\t\t\t\t\t\t\t\t\t<\/div>\n\t\t\t\t<\/div>\n\t\t\t\t\t<\/div>\n\t\t<\/div>\n\t\t\t\t<div class=\"has_eae_slider elementor-column elementor-col-33 elementor-top-column elementor-element elementor-element-5518bf2d\" data-id=\"5518bf2d\" data-element_type=\"column\">\n\t\t\t<div class=\"elementor-widget-wrap elementor-element-populated\">\n\t\t\t\t\t\t\t\t<div class=\"elementor-element elementor-element-6c4e9811 elementor-invisible elementor-widget elementor-widget-heading\" data-id=\"6c4e9811\" data-element_type=\"widget\" data-settings=\"{&quot;_animation&quot;:&quot;bounce&quot;}\" data-widget_type=\"heading.default\">\n\t\t\t\t<div class=\"elementor-widget-container\">\n\t\t\t<h2 class=\"elementor-heading-title elementor-size-default\"><a href=\"http:\/\/www.bakrac.com.tr\/yarim-yagli-peynir\/\">Yar\u0131m Ya\u011fl\u0131 Peynir<\/a><\/h2>\t\t<\/div>\n\t\t\t\t<\/div>\n\t\t\t\t<div class=\"elementor-element elementor-element-2a68c566 elementor-widget elementor-widget-image\" data-id=\"2a68c566\" data-element_type=\"widget\" data-widget_type=\"image.default\">\n\t\t\t\t<div class=\"elementor-widget-container\">\n\t\t\t\t\t\t\t\t\t\t\t\t\t\t\t\t<a href=\"http:\/\/www.bakrac.com.tr\/yarim-yagli-peynir\/\">\n\t\t\t\t\t\t\t<img width=\"1800\" height=\"1200\" src=\"http:\/\/www.bakrac.com.tr\/wp-content\/uploads\/2018\/06\/5V7A2453-1800x1200.jpg\" class=\"elementor-animation-buzz-out attachment-large size-large\" alt=\"\" loading=\"lazy\" srcset=\"http:\/\/www.bakrac.com.tr\/wp-content\/uploads\/2018\/06\/5V7A2453-1800x1200.jpg 1800w, http:\/\/www.bakrac.com.tr\/wp-content\/uploads\/2018\/06\/5V7A2453-300x200.jpg 300w, http:\/\/www.bakrac.com.tr\/wp-content\/uploads\/2018\/06\/5V7A2453-768x512.jpg 768w, http:\/\/www.bakrac.com.tr\/wp-content\/uploads\/2018\/06\/5V7A2453-1024x683.jpg 1024w, http:\/\/www.bakrac.com.tr\/wp-content\/uploads\/2018\/06\/5V7A2453-1620x1080.jpg 1620w\" sizes=\"(max-width: 1800px) 100vw, 1800px\" \/>\t\t\t\t\t\t\t\t<\/a>\n\t\t\t\t\t\t\t\t\t\t\t\t\t\t\t<\/div>\n\t\t\t\t<\/div>\n\t\t\t\t\t<\/div>\n\t\t<\/div>\n\t\t\t\t\t\t\t<\/div>\n\t\t<\/section>\n\t\t\t\t<section class=\"has_eae_slider elementor-section elementor-top-section elementor-element elementor-element-5ac876f7 elementor-section-boxed elementor-section-height-default elementor-section-height-default\" data-id=\"5ac876f7\" data-element_type=\"section\">\n\t\t\t\t\t\t<div class=\"elementor-container elementor-column-gap-default\">\n\t\t\t\t\t<div class=\"has_eae_slider elementor-column elementor-col-100 elementor-top-column elementor-element elementor-element-429109fd\" data-id=\"429109fd\" data-element_type=\"column\">\n\t\t\t<div class=\"elementor-widget-wrap elementor-element-populated\">\n\t\t\t\t\t\t\t\t<div class=\"elementor-element elementor-element-560cb4ed elementor-widget elementor-widget-text-editor\" data-id=\"560cb4ed\" data-element_type=\"widget\" data-widget_type=\"text-editor.default\">\n\t\t\t\t<div class=\"elementor-widget-container\">\n\t\t\t<style>\/*! elementor - v3.5.4 - 23-01-2022 *\/\n.elementor-widget-text-editor.elementor-drop-cap-view-stacked .elementor-drop-cap{background-color:#818a91;color:#fff}.elementor-widget-text-editor.elementor-drop-cap-view-framed .elementor-drop-cap{color:#818a91;border:3px solid;background-color:transparent}.elementor-widget-text-editor:not(.elementor-drop-cap-view-default) .elementor-drop-cap{margin-top:8px}.elementor-widget-text-editor:not(.elementor-drop-cap-view-default) .elementor-drop-cap-letter{width:1em;height:1em}.elementor-widget-text-editor .elementor-drop-cap{float:left;text-align:center;line-height:1;font-size:50px}.elementor-widget-text-editor .elementor-drop-cap-letter{display:inline-block}<\/style>\t\t\t\t<img loading=\"lazy\" class=\"alignnone size-full wp-image-147\" src=\"http:\/\/localhost\/wp-content\/uploads\/2018\/06\/Peynir-\u00c7e\u015fitleri-Full-Beyaz-min.jpg\" alt=\"\" width=\"6720\" height=\"4480\" srcset=\"http:\/\/www.bakrac.com.tr\/wp-content\/uploads\/2018\/06\/Peynir-\u00c7e\u015fitleri-Full-Beyaz-min.jpg 6720w, http:\/\/www.bakrac.com.tr\/wp-content\/uploads\/2018\/06\/Peynir-\u00c7e\u015fitleri-Full-Beyaz-min-600x400.jpg 600w, http:\/\/www.bakrac.com.tr\/wp-content\/uploads\/2018\/06\/Peynir-\u00c7e\u015fitleri-Full-Beyaz-min-300x200.jpg 300w, http:\/\/www.bakrac.com.tr\/wp-content\/uploads\/2018\/06\/Peynir-\u00c7e\u015fitleri-Full-Beyaz-min-768x512.jpg 768w, http:\/\/www.bakrac.com.tr\/wp-content\/uploads\/2018\/06\/Peynir-\u00c7e\u015fitleri-Full-Beyaz-min-1024x683.jpg 1024w, http:\/\/www.bakrac.com.tr\/wp-content\/uploads\/2018\/06\/Peynir-\u00c7e\u015fitleri-Full-Beyaz-min-1620x1080.jpg 1620w\" sizes=\"(max-width: 6720px) 100vw, 6720px\" \/>\r\n\r\n&nbsp;\r\n\r\n<div id=\"envira-gallery-wrap-829\" class=\"envira-gallery-wrap envira-gallery-theme-base envira-lightbox-theme-base\" itemscope itemtype=\"https:\/\/schema.org\/ImageGallery\"><div data-row-height=\"\" data-gallery-theme=\"\" id=\"envira-gallery-829\" class=\"envira-gallery-public  envira-gallery-3-columns envira-clear enviratope envira-gallery-css-animations\" data-envira-columns=\"3\"><div id=\"envira-gallery-item-140\" class=\"envira-gallery-item enviratope-item envira-gallery-item-1 envira-lazy-load\" style=\"padding-left: 5px; padding-bottom: 10px; padding-right: 5px;\"  itemscope itemtype=\"https:\/\/schema.org\/ImageObject\"><div class=\"envira-gallery-item-inner\"><div class=\"envira-gallery-position-overlay  envira-gallery-top-left\"><\/div><div class=\"envira-gallery-position-overlay  envira-gallery-top-right\"><\/div><div class=\"envira-gallery-position-overlay  envira-gallery-bottom-left\"><\/div><div class=\"envira-gallery-position-overlay  envira-gallery-bottom-right\"><\/div><a href=\"http:\/\/www.bakrac.com.tr\/wp-content\/uploads\/2018\/06\/Beyaz-Peynir-Ya\u011f-min.jpg\" class=\"envira-gallery-829 envira-gallery-link\" rel=\"enviragallery829\" title=\"\" data-envira-caption=\"\" data-envira-retina=\"\" data-thumbnail=\"\"  itemprop=\"contentUrl\"><div class=\"envira-lazy\" data-test-width=\"640\" data-test-height=\"480\" style=\"padding-bottom:75%;\"><img id=\"envira-gallery-image-140\" class=\"envira-gallery-image envira-gallery-image-1\" data-envira-index=\"1\" src=\"http:\/\/www.bakrac.com.tr\/wp-content\/uploads\/2018\/06\/Beyaz-Peynir-Ya\u011f-min.jpg\" data-envira-src=\"http:\/\/www.bakrac.com.tr\/wp-content\/uploads\/2018\/06\/Beyaz-Peynir-Ya\u011f-min.jpg\" data-envira-gallery-id=\"829\" data-envira-item-id=\"140\" data-envira-caption=\"\" alt=\"\" title=\"\"  itemprop=\"thumbnailUrl\" data-envira-srcset=\"http:\/\/www.bakrac.com.tr\/wp-content\/uploads\/2018\/06\/Beyaz-Peynir-Ya\u011f-min.jpg 400w,http:\/\/www.bakrac.com.tr\/wp-content\/uploads\/2018\/06\/Beyaz-Peynir-Ya\u011f-min.jpg 2x\" srcset=\"data:image\/gif;base64,R0lGODlhAQABAIAAAP\/\/\/\/\/\/\/yH5BAEKAAEALAAAAAABAAEAAAICTAEAOw==\" \/><\/div><\/a><\/div><\/div><div id=\"envira-gallery-item-147\" class=\"envira-gallery-item enviratope-item envira-gallery-item-2 envira-lazy-load\" style=\"padding-left: 5px; padding-bottom: 10px; padding-right: 5px;\"  itemscope itemtype=\"https:\/\/schema.org\/ImageObject\"><div class=\"envira-gallery-item-inner\"><div class=\"envira-gallery-position-overlay  envira-gallery-top-left\"><\/div><div class=\"envira-gallery-position-overlay  envira-gallery-top-right\"><\/div><div class=\"envira-gallery-position-overlay  envira-gallery-bottom-left\"><\/div><div class=\"envira-gallery-position-overlay  envira-gallery-bottom-right\"><\/div><a href=\"http:\/\/www.bakrac.com.tr\/wp-content\/uploads\/2018\/06\/Peynir-\u00c7e\u015fitleri-Full-Beyaz-min.jpg\" class=\"envira-gallery-829 envira-gallery-link\" rel=\"enviragallery829\" title=\"\" data-envira-caption=\"\" data-envira-retina=\"\" data-thumbnail=\"\"  itemprop=\"contentUrl\"><div class=\"envira-lazy\" data-test-width=\"640\" data-test-height=\"480\" style=\"padding-bottom:75%;\"><img id=\"envira-gallery-image-147\" class=\"envira-gallery-image envira-gallery-image-2\" data-envira-index=\"2\" src=\"http:\/\/www.bakrac.com.tr\/wp-content\/uploads\/2018\/06\/Peynir-\u00c7e\u015fitleri-Full-Beyaz-min.jpg\" data-envira-src=\"http:\/\/www.bakrac.com.tr\/wp-content\/uploads\/2018\/06\/Peynir-\u00c7e\u015fitleri-Full-Beyaz-min.jpg\" data-envira-gallery-id=\"829\" data-envira-item-id=\"147\" data-envira-caption=\"\" alt=\"\" title=\"\"  itemprop=\"thumbnailUrl\" data-envira-srcset=\"http:\/\/www.bakrac.com.tr\/wp-content\/uploads\/2018\/06\/Peynir-\u00c7e\u015fitleri-Full-Beyaz-min.jpg 400w,http:\/\/www.bakrac.com.tr\/wp-content\/uploads\/2018\/06\/Peynir-\u00c7e\u015fitleri-Full-Beyaz-min.jpg 2x\" srcset=\"data:image\/gif;base64,R0lGODlhAQABAIAAAP\/\/\/\/\/\/\/yH5BAEKAAEALAAAAAABAAEAAAICTAEAOw==\" \/><\/div><\/a><\/div><\/div><div id=\"envira-gallery-item-146\" class=\"envira-gallery-item enviratope-item envira-gallery-item-3 envira-lazy-load\" style=\"padding-left: 5px; padding-bottom: 10px; padding-right: 5px;\"  itemscope itemtype=\"https:\/\/schema.org\/ImageObject\"><div class=\"envira-gallery-item-inner\"><div class=\"envira-gallery-position-overlay  envira-gallery-top-left\"><\/div><div class=\"envira-gallery-position-overlay  envira-gallery-top-right\"><\/div><div class=\"envira-gallery-position-overlay  envira-gallery-bottom-left\"><\/div><div class=\"envira-gallery-position-overlay  envira-gallery-bottom-right\"><\/div><a href=\"http:\/\/www.bakrac.com.tr\/wp-content\/uploads\/2018\/06\/Peynir-\u00c7e\u015fitleri-Dilimli-min.jpg\" class=\"envira-gallery-829 envira-gallery-link\" rel=\"enviragallery829\" title=\"\" data-envira-caption=\"\" data-envira-retina=\"\" data-thumbnail=\"\"  itemprop=\"contentUrl\"><div class=\"envira-lazy\" data-test-width=\"640\" data-test-height=\"480\" style=\"padding-bottom:75%;\"><img id=\"envira-gallery-image-146\" class=\"envira-gallery-image envira-gallery-image-3\" data-envira-index=\"3\" src=\"http:\/\/www.bakrac.com.tr\/wp-content\/uploads\/2018\/06\/Peynir-\u00c7e\u015fitleri-Dilimli-min.jpg\" data-envira-src=\"http:\/\/www.bakrac.com.tr\/wp-content\/uploads\/2018\/06\/Peynir-\u00c7e\u015fitleri-Dilimli-min.jpg\" data-envira-gallery-id=\"829\" data-envira-item-id=\"146\" data-envira-caption=\"\" alt=\"\" title=\"\"  itemprop=\"thumbnailUrl\" data-envira-srcset=\"http:\/\/www.bakrac.com.tr\/wp-content\/uploads\/2018\/06\/Peynir-\u00c7e\u015fitleri-Dilimli-min.jpg 400w,http:\/\/www.bakrac.com.tr\/wp-content\/uploads\/2018\/06\/Peynir-\u00c7e\u015fitleri-Dilimli-min.jpg 2x\" srcset=\"data:image\/gif;base64,R0lGODlhAQABAIAAAP\/\/\/\/\/\/\/yH5BAEKAAEALAAAAAABAAEAAAICTAEAOw==\" \/><\/div><\/a><\/div><\/div><\/div><\/div><noscript><img src=\"http:\/\/www.bakrac.com.tr\/wp-content\/uploads\/2018\/06\/Beyaz-Peynir-Ya\u011f-min.jpg\" alt=\"\" \/><img src=\"http:\/\/www.bakrac.com.tr\/wp-content\/uploads\/2018\/06\/Peynir-\u00c7e\u015fitleri-Full-Beyaz-min.jpg\" alt=\"\" \/><img src=\"http:\/\/www.bakrac.com.tr\/wp-content\/uploads\/2018\/06\/Peynir-\u00c7e\u015fitleri-Dilimli-min.jpg\" alt=\"\" \/><\/noscript>\t\t\t\t\t\t<\/div>\n\t\t\t\t<\/div>\n\t\t\t\t\t<\/div>\n\t\t<\/div>\n\t\t\t\t\t\t\t<\/div>\n\t\t<\/section>\n\t\t\t\t<section class=\"has_eae_slider elementor-section elementor-top-section elementor-element elementor-element-3adbe2db elementor-section-boxed elementor-section-height-default elementor-section-height-default\" data-id=\"3adbe2db\" data-element_type=\"section\">\n\t\t\t\t\t\t<div class=\"elementor-container elementor-column-gap-default\">\n\t\t\t\t\t<div class=\"has_eae_slider elementor-column elementor-col-100 elementor-top-column elementor-element elementor-element-bd620d9\" data-id=\"bd620d9\" data-element_type=\"column\">\n\t\t\t<div class=\"elementor-widget-wrap elementor-element-populated\">\n\t\t\t\t\t\t\t\t<div class=\"elementor-element elementor-element-5ae341cc elementor-widget elementor-widget-spacer\" data-id=\"5ae341cc\" data-element_type=\"widget\" data-widget_type=\"spacer.default\">\n\t\t\t\t<div class=\"elementor-widget-container\">\n\t\t\t\t\t<div class=\"elementor-spacer\">\n\t\t\t<div class=\"elementor-spacer-inner\"><\/div>\n\t\t<\/div>\n\t\t\t\t<\/div>\n\t\t\t\t<\/div>\n\t\t\t\t\t<\/div>\n\t\t<\/div>\n\t\t\t\t\t\t\t<\/div>\n\t\t<\/section>\n\t\t\t\t<section class=\"has_eae_slider elementor-section elementor-top-section elementor-element elementor-element-79c9404d elementor-section-boxed elementor-section-height-default elementor-section-height-default\" data-id=\"79c9404d\" data-element_type=\"section\">\n\t\t\t\t\t\t<div class=\"elementor-container elementor-column-gap-default\">\n\t\t\t\t\t<div class=\"has_eae_slider elementor-column elementor-col-100 elementor-top-column elementor-element elementor-element-29fe212a\" data-id=\"29fe212a\" data-element_type=\"column\">\n\t\t\t<div class=\"elementor-widget-wrap elementor-element-populated\">\n\t\t\t\t\t\t\t\t<div class=\"elementor-element elementor-element-6139b03 elementor-widget elementor-widget-image\" data-id=\"6139b03\" data-element_type=\"widget\" data-widget_type=\"image.default\">\n\t\t\t\t<div class=\"elementor-widget-container\">\n\t\t\t\t\t\t\t\t\t\t\t\t\t\t\t<img width=\"1662\" height=\"194\" src=\"http:\/\/www.bakrac.com.tr\/wp-content\/uploads\/2018\/06\/Calligraphic_Bakrac.png\" class=\"attachment-large size-large\" alt=\"\" loading=\"lazy\" srcset=\"http:\/\/www.bakrac.com.tr\/wp-content\/uploads\/2018\/06\/Calligraphic_Bakrac.png 1662w, http:\/\/www.bakrac.com.tr\/wp-content\/uploads\/2018\/06\/Calligraphic_Bakrac-300x35.png 300w, http:\/\/www.bakrac.com.tr\/wp-content\/uploads\/2018\/06\/Calligraphic_Bakrac-768x90.png 768w, http:\/\/www.bakrac.com.tr\/wp-content\/uploads\/2018\/06\/Calligraphic_Bakrac-1024x120.png 1024w\" sizes=\"(max-width: 1662px) 100vw, 1662px\" \/>\t\t\t\t\t\t\t\t\t\t\t\t\t\t\t<\/div>\n\t\t\t\t<\/div>\n\t\t\t\t\t<\/div>\n\t\t<\/div>\n\t\t\t\t\t\t\t<\/div>\n\t\t<\/section>\n\t\t\t\t<section class=\"has_eae_slider elementor-section elementor-top-section elementor-element elementor-element-683af75 elementor-section-boxed elementor-section-height-default elementor-section-height-default\" data-id=\"683af75\" data-element_type=\"section\">\n\t\t\t\t\t\t<div class=\"elementor-container elementor-column-gap-default\">\n\t\t\t\t\t<div class=\"has_eae_slider elementor-column elementor-col-100 elementor-top-column elementor-element elementor-element-36b0a09f\" data-id=\"36b0a09f\" data-element_type=\"column\">\n\t\t\t<div class=\"elementor-widget-wrap elementor-element-populated\">\n\t\t\t\t\t\t\t\t<div class=\"elementor-element elementor-element-7778f elementor-widget elementor-widget-spacer\" data-id=\"7778f\" data-element_type=\"widget\" data-widget_type=\"spacer.default\">\n\t\t\t\t<div class=\"elementor-widget-container\">\n\t\t\t\t\t<div class=\"elementor-spacer\">\n\t\t\t<div class=\"elementor-spacer-inner\"><\/div>\n\t\t<\/div>\n\t\t\t\t<\/div>\n\t\t\t\t<\/div>\n\t\t\t\t\t<\/div>\n\t\t<\/div>\n\t\t\t\t\t\t\t<\/div>\n\t\t<\/section>\n\t\t\t\t<section class=\"has_eae_slider elementor-section elementor-top-section elementor-element elementor-element-1e1cd5d6 elementor-section-boxed elementor-section-height-default elementor-section-height-default\" data-id=\"1e1cd5d6\" data-element_type=\"section\">\n\t\t\t\t\t\t<div class=\"elementor-container elementor-column-gap-default\">\n\t\t\t\t\t<div class=\"has_eae_slider elementor-column elementor-col-100 elementor-top-column elementor-element elementor-element-1a356095\" data-id=\"1a356095\" data-element_type=\"column\">\n\t\t\t<div class=\"elementor-widget-wrap elementor-element-populated\">\n\t\t\t\t\t\t\t\t<div class=\"elementor-element elementor-element-5aed3e7a elementor-widget elementor-widget-heading\" data-id=\"5aed3e7a\" data-element_type=\"widget\" data-widget_type=\"heading.default\">\n\t\t\t\t<div class=\"elementor-widget-container\">\n\t\t\t<h3 class=\"elementor-heading-title elementor-size-default\">\"Ger\u00e7ek Anadolu Lezzetleri\"<\/h3>\t\t<\/div>\n\t\t\t\t<\/div>\n\t\t\t\t\t<\/div>\n\t\t<\/div>\n\t\t\t\t\t\t\t<\/div>\n\t\t<\/section>\n\t\t\t\t<section class=\"has_eae_slider elementor-section elementor-top-section elementor-element elementor-element-5896498d elementor-section-boxed elementor-section-height-default elementor-section-height-default\" data-id=\"5896498d\" data-element_type=\"section\">\n\t\t\t\t\t\t<div class=\"elementor-container elementor-column-gap-default\">\n\t\t\t\t\t<div class=\"has_eae_slider elementor-column elementor-col-100 elementor-top-column elementor-element elementor-element-49e57b2e\" data-id=\"49e57b2e\" data-element_type=\"column\">\n\t\t\t<div class=\"elementor-widget-wrap\">\n\t\t\t\t\t\t\t\t\t<\/div>\n\t\t<\/div>\n\t\t\t\t\t\t\t<\/div>\n\t\t<\/section>\n\t\t\t\t\t\t<\/div>\n\t\t\t\t\t<\/div>\n\t\t","protected":false},"excerpt":{"rendered":"<p>Tam Ya\u011fl\u0131 Peynir Otlu Peynir Yar\u0131m Ya\u011fl\u0131 Peynir &nbsp; &#8220;Ger\u00e7ek Anadolu Lezzetleri&#8221;<\/p>\n","protected":false},"author":1,"featured_media":147,"parent":0,"menu_order":0,"comment_status":"closed","ping_status":"closed","template":"page-templates\/homepage.php","meta":[],"_links":{"self":[{"href":"http:\/\/www.bakrac.com.tr\/tr\/wp-json\/wp\/v2\/pages\/37"}],"collection":[{"href":"http:\/\/www.bakrac.com.tr\/tr\/wp-json\/wp\/v2\/pages"}],"about":[{"href":"http:\/\/www.bakrac.com.tr\/tr\/wp-json\/wp\/v2\/types\/page"}],"author":[{"embeddable":true,"href":"http:\/\/www.bakrac.com.tr\/tr\/wp-json\/wp\/v2\/users\/1"}],"replies":[{"embeddable":true,"href":"http:\/\/www.bakrac.com.tr\/tr\/wp-json\/wp\/v2\/comments?post=37"}],"version-history":[{"count":12,"href":"http:\/\/www.bakrac.com.tr\/tr\/wp-json\/wp\/v2\/pages\/37\/revisions"}],"predecessor-version":[{"id":2137,"href":"http:\/\/www.bakrac.com.tr\/tr\/wp-json\/wp\/v2\/pages\/37\/revisions\/2137"}],"wp:featuredmedia":[{"embeddable":true,"href":"http:\/\/www.bakrac.com.tr\/tr\/wp-json\/wp\/v2\/media\/147"}],"wp:attachment":[{"href":"http:\/\/www.bakrac.com.tr\/tr\/wp-json\/wp\/v2\/media?parent=37"}],"curies":[{"name":"wp","href":"https:\/\/api.w.org\/{rel}","templated":true}]}}