{"id":296,"date":"2018-06-13T08:59:26","date_gmt":"2018-06-13T05:59:26","guid":{"rendered":"http:\/\/www.bakrac.com.tr\/?page_id=296"},"modified":"2018-06-21T10:03:02","modified_gmt":"2018-06-21T07:03:02","slug":"tereyagi","status":"publish","type":"page","link":"http:\/\/www.bakrac.com.tr\/tr\/tereyagi\/","title":{"rendered":"Tereya\u011f\u0131"},"content":{"rendered":"<p><img loading=\"lazy\" class=\"wp-image-158 aligncenter\" src=\"http:\/\/www.bakrac.com.tr\/wp-content\/uploads\/2018\/06\/Tereya\u011f-\u00c7e\u015fitleri-T\u00fcm\u00fc-min-300x172.jpg\" alt=\"\" width=\"1379\" height=\"791\" srcset=\"http:\/\/www.bakrac.com.tr\/wp-content\/uploads\/2018\/06\/Tereya\u011f-\u00c7e\u015fitleri-T\u00fcm\u00fc-min-300x172.jpg 300w, http:\/\/www.bakrac.com.tr\/wp-content\/uploads\/2018\/06\/Tereya\u011f-\u00c7e\u015fitleri-T\u00fcm\u00fc-min-600x343.jpg 600w, http:\/\/www.bakrac.com.tr\/wp-content\/uploads\/2018\/06\/Tereya\u011f-\u00c7e\u015fitleri-T\u00fcm\u00fc-min-1024x586.jpg 1024w\" sizes=\"(max-width: 1379px) 100vw, 1379px\" \/><br \/>\n&nbsp;<\/p>\n<table>\n<thead>\n<tr>\n<th>\u00dcr\u00fcn Ad\u0131<\/th>\n<th>Gramaj<\/th>\n<th>Raf \u00d6mr\u00fc<\/th>\n<\/tr>\n<\/thead>\n<tbody>\n<tr>\n<td>Tereya\u011f\u0131<\/td>\n<td>1800 g<\/td>\n<td>6 Ay<\/td>\n<\/tr>\n<tr>\n<td>K\u00f6y Tereya\u011f\u0131<\/td>\n<td>1000 g<\/td>\n<td>6 Ay<\/td>\n<\/tr>\n<tr>\n<td>Tereya\u011f\u0131<\/td>\n<td>500 g<\/td>\n<td>6 Ay<\/td>\n<\/tr>\n<tr>\n<td>Tereya\u011f\u0131<\/td>\n<td>250 g<\/td>\n<td>6 Ay<\/td>\n<\/tr>\n<tr>\n<td>Rulo Tereya\u011f\u0131<\/td>\n<td>1000 g<\/td>\n<td>6 Ay<\/td>\n<\/tr>\n<tr>\n<td>Krema<\/td>\n<td>17 kg<\/td>\n<td>6 Ay<\/td>\n<\/tr>\n<\/tbody>\n<\/table>\n","protected":false},"excerpt":{"rendered":"<p>&nbsp; \u00dcr\u00fcn Ad\u0131 Gramaj Raf \u00d6mr\u00fc Tereya\u011f\u0131 1800 g 6 Ay K\u00f6y Tereya\u011f\u0131 1000 g 6 Ay Tereya\u011f\u0131 500 g 6 Ay Tereya\u011f\u0131 250 g 6 Ay Rulo Tereya\u011f\u0131 1000 g 6 Ay Krema 17 kg 6 Ay<\/p>\n","protected":false},"author":1,"featured_media":0,"parent":0,"menu_order":0,"comment_status":"closed","ping_status":"closed","template":"","meta":[],"_links":{"self":[{"href":"http:\/\/www.bakrac.com.tr\/tr\/wp-json\/wp\/v2\/pages\/296"}],"collection":[{"href":"http:\/\/www.bakrac.com.tr\/tr\/wp-json\/wp\/v2\/pages"}],"about":[{"href":"http:\/\/www.bakrac.com.tr\/tr\/wp-json\/wp\/v2\/types\/page"}],"author":[{"embeddable":true,"href":"http:\/\/www.bakrac.com.tr\/tr\/wp-json\/wp\/v2\/users\/1"}],"replies":[{"embeddable":true,"href":"http:\/\/www.bakrac.com.tr\/tr\/wp-json\/wp\/v2\/comments?post=296"}],"version-history":[{"count":5,"href":"http:\/\/www.bakrac.com.tr\/tr\/wp-json\/wp\/v2\/pages\/296\/revisions"}],"predecessor-version":[{"id":803,"href":"http:\/\/www.bakrac.com.tr\/tr\/wp-json\/wp\/v2\/pages\/296\/revisions\/803"}],"wp:attachment":[{"href":"http:\/\/www.bakrac.com.tr\/tr\/wp-json\/wp\/v2\/media?parent=296"}],"curies":[{"name":"wp","href":"https:\/\/api.w.org\/{rel}","templated":true}]}}