{"id":23,"date":"2018-06-05T14:19:43","date_gmt":"2018-06-05T11:19:43","guid":{"rendered":"http:\/\/www.bakrac.com.tr\/?page_id=23"},"modified":"2023-03-22T14:14:58","modified_gmt":"2023-03-22T11:14:58","slug":"kalite-ve-gida-guvenligi","status":"publish","type":"page","link":"http:\/\/www.bakrac.com.tr\/tr\/kalite-ve-gida-guvenligi\/","title":{"rendered":"Kalite ve G\u0131da G\u00fcvenli\u011fi"},"content":{"rendered":"\t\t<div data-elementor-type=\"wp-post\" data-elementor-id=\"23\" class=\"elementor elementor-23\" data-elementor-settings=\"[]\">\n\t\t\t\t\t\t\t<div class=\"elementor-section-wrap\">\n\t\t\t\t\t\t\t<section class=\"has_eae_slider elementor-section elementor-top-section elementor-element elementor-element-60707c5 elementor-section-boxed elementor-section-height-default elementor-section-height-default\" data-id=\"60707c5\" data-element_type=\"section\">\n\t\t\t\t\t\t<div class=\"elementor-container elementor-column-gap-default\">\n\t\t\t\t\t<div class=\"has_eae_slider elementor-column elementor-col-100 elementor-top-column elementor-element elementor-element-d3132c6\" data-id=\"d3132c6\" data-element_type=\"column\">\n\t\t\t<div class=\"elementor-widget-wrap elementor-element-populated\">\n\t\t\t\t\t\t\t\t<div class=\"elementor-element elementor-element-ae82365 elementor-widget elementor-widget-heading\" data-id=\"ae82365\" data-element_type=\"widget\" data-widget_type=\"heading.default\">\n\t\t\t\t<div class=\"elementor-widget-container\">\n\t\t\t<style>\/*! elementor - v3.5.4 - 23-01-2022 *\/\n.elementor-heading-title{padding:0;margin:0;line-height:1}.elementor-widget-heading .elementor-heading-title[class*=elementor-size-]>a{color:inherit;font-size:inherit;line-height:inherit}.elementor-widget-heading .elementor-heading-title.elementor-size-small{font-size:15px}.elementor-widget-heading .elementor-heading-title.elementor-size-medium{font-size:19px}.elementor-widget-heading .elementor-heading-title.elementor-size-large{font-size:29px}.elementor-widget-heading .elementor-heading-title.elementor-size-xl{font-size:39px}.elementor-widget-heading .elementor-heading-title.elementor-size-xxl{font-size:59px}<\/style><h2 class=\"elementor-heading-title elementor-size-default\">BAKRA\u00c7 S\u00dcT VE S\u00dcT \u00dcR\u00dcNLER\u0130<\/h2>\t\t<\/div>\n\t\t\t\t<\/div>\n\t\t\t\t\t<\/div>\n\t\t<\/div>\n\t\t\t\t\t\t\t<\/div>\n\t\t<\/section>\n\t\t\t\t<section class=\"has_eae_slider elementor-section elementor-top-section elementor-element elementor-element-d0753bb elementor-section-boxed elementor-section-height-default elementor-section-height-default\" data-id=\"d0753bb\" data-element_type=\"section\">\n\t\t\t\t\t\t<div class=\"elementor-container elementor-column-gap-default\">\n\t\t\t\t\t<div class=\"has_eae_slider elementor-column elementor-col-100 elementor-top-column elementor-element elementor-element-ca0b5cf\" data-id=\"ca0b5cf\" data-element_type=\"column\">\n\t\t\t<div class=\"elementor-widget-wrap elementor-element-populated\">\n\t\t\t\t\t\t\t\t<div class=\"elementor-element elementor-element-f580c1f elementor-tabs-view-horizontal elementor-widget elementor-widget-tabs\" data-id=\"f580c1f\" data-element_type=\"widget\" data-widget_type=\"tabs.default\">\n\t\t\t\t<div class=\"elementor-widget-container\">\n\t\t\t<style>\/*! elementor - v3.5.4 - 23-01-2022 *\/\n.elementor-widget-tabs.elementor-tabs-view-vertical .elementor-tabs-wrapper{width:25%;-ms-flex-negative:0;flex-shrink:0}.elementor-widget-tabs.elementor-tabs-view-vertical .elementor-tab-desktop-title.elementor-active{border-right-style:none}.elementor-widget-tabs.elementor-tabs-view-vertical .elementor-tab-desktop-title.elementor-active:after,.elementor-widget-tabs.elementor-tabs-view-vertical .elementor-tab-desktop-title.elementor-active:before{height:999em;width:0;right:0;border-right-style:solid}.elementor-widget-tabs.elementor-tabs-view-vertical .elementor-tab-desktop-title.elementor-active:before{top:0;-webkit-transform:translateY(-100%);-ms-transform:translateY(-100%);transform:translateY(-100%)}.elementor-widget-tabs.elementor-tabs-view-vertical .elementor-tab-desktop-title.elementor-active:after{top:100%}.elementor-widget-tabs.elementor-tabs-view-horizontal .elementor-tab-desktop-title{display:table-cell}.elementor-widget-tabs.elementor-tabs-view-horizontal .elementor-tab-desktop-title.elementor-active{border-bottom-style:none}.elementor-widget-tabs.elementor-tabs-view-horizontal .elementor-tab-desktop-title.elementor-active:after,.elementor-widget-tabs.elementor-tabs-view-horizontal .elementor-tab-desktop-title.elementor-active:before{bottom:0;height:0;width:999em;border-bottom-style:solid}.elementor-widget-tabs.elementor-tabs-view-horizontal .elementor-tab-desktop-title.elementor-active:before{right:100%}.elementor-widget-tabs.elementor-tabs-view-horizontal .elementor-tab-desktop-title.elementor-active:after{left:100%}.elementor-widget-tabs .elementor-tab-content,.elementor-widget-tabs .elementor-tab-title,.elementor-widget-tabs .elementor-tab-title:after,.elementor-widget-tabs .elementor-tab-title:before,.elementor-widget-tabs .elementor-tabs-content-wrapper{border:1px #d4d4d4}.elementor-widget-tabs .elementor-tabs{text-align:left}.elementor-widget-tabs .elementor-tabs-wrapper{overflow:hidden}.elementor-widget-tabs .elementor-tab-title{cursor:pointer;outline:var(--focus-outline,none)}.elementor-widget-tabs .elementor-tab-desktop-title{position:relative;padding:20px 25px;font-weight:700;line-height:1;border:solid transparent}.elementor-widget-tabs .elementor-tab-desktop-title.elementor-active{border-color:#d4d4d4}.elementor-widget-tabs .elementor-tab-desktop-title.elementor-active:after,.elementor-widget-tabs .elementor-tab-desktop-title.elementor-active:before{display:block;content:\"\";position:absolute}.elementor-widget-tabs .elementor-tab-mobile-title{padding:10px;cursor:pointer}.elementor-widget-tabs .elementor-tab-content{padding:20px;display:none}@media (max-width:767px){.elementor-tabs .elementor-tab-content,.elementor-tabs .elementor-tab-title{border-style:solid solid none}.elementor-tabs .elementor-tabs-wrapper{display:none}.elementor-tabs .elementor-tabs-content-wrapper{border-bottom-style:solid}.elementor-tabs .elementor-tab-content{padding:10px}}@media (min-width:768px){.elementor-widget-tabs.elementor-tabs-view-vertical .elementor-tabs{display:-webkit-box;display:-ms-flexbox;display:flex}.elementor-widget-tabs.elementor-tabs-view-vertical .elementor-tabs-wrapper{-webkit-box-orient:vertical;-webkit-box-direction:normal;-ms-flex-direction:column;flex-direction:column}.elementor-widget-tabs.elementor-tabs-view-vertical .elementor-tabs-content-wrapper{-webkit-box-flex:1;-ms-flex-positive:1;flex-grow:1;border-style:solid solid solid none}.elementor-widget-tabs.elementor-tabs-view-horizontal .elementor-tab-content{border-style:none solid solid}.elementor-widget-tabs.elementor-tabs-alignment-center .elementor-tabs-wrapper,.elementor-widget-tabs.elementor-tabs-alignment-end .elementor-tabs-wrapper,.elementor-widget-tabs.elementor-tabs-alignment-stretch .elementor-tabs-wrapper{display:-webkit-box;display:-ms-flexbox;display:flex}.elementor-widget-tabs.elementor-tabs-alignment-center .elementor-tabs-wrapper{-webkit-box-pack:center;-ms-flex-pack:center;justify-content:center}.elementor-widget-tabs.elementor-tabs-alignment-end .elementor-tabs-wrapper{-webkit-box-pack:end;-ms-flex-pack:end;justify-content:flex-end}.elementor-widget-tabs.elementor-tabs-alignment-stretch.elementor-tabs-view-horizontal .elementor-tab-title{width:100%}.elementor-widget-tabs.elementor-tabs-alignment-stretch.elementor-tabs-view-vertical .elementor-tab-title{height:100%}.elementor-tabs .elementor-tab-mobile-title{display:none}}<\/style>\t\t<div class=\"elementor-tabs\">\n\t\t\t<div class=\"elementor-tabs-wrapper\" role=\"tablist\" >\n\t\t\t\t\t\t\t\t\t<div id=\"elementor-tab-title-2571\" class=\"elementor-tab-title elementor-tab-desktop-title\" aria-selected=\"true\" data-tab=\"1\" role=\"tab\" tabindex=\"0\" aria-controls=\"elementor-tab-content-2571\" aria-expanded=\"false\">\u0130\u015f Sa\u011fl\u0131\u011f\u0131 ve G\u00fcvenli\u011fi Politikas\u0131<\/div>\n\t\t\t\t\t\t\t\t\t<div id=\"elementor-tab-title-2572\" class=\"elementor-tab-title elementor-tab-desktop-title\" aria-selected=\"false\" data-tab=\"2\" role=\"tab\" tabindex=\"-1\" aria-controls=\"elementor-tab-content-2572\" aria-expanded=\"false\">Kalite ve G\u0131da G\u00fcvenli\u011fi<\/div>\n\t\t\t\t\t\t\t\t\t<div id=\"elementor-tab-title-2573\" class=\"elementor-tab-title elementor-tab-desktop-title\" aria-selected=\"false\" data-tab=\"3\" role=\"tab\" tabindex=\"-1\" aria-controls=\"elementor-tab-content-2573\" aria-expanded=\"false\">\u00c7evre Politikas\u0131<\/div>\n\t\t\t\t\t\t\t\t\t<div id=\"elementor-tab-title-2574\" class=\"elementor-tab-title elementor-tab-desktop-title\" aria-selected=\"false\" data-tab=\"4\" role=\"tab\" tabindex=\"-1\" aria-controls=\"elementor-tab-content-2574\" aria-expanded=\"false\">M\u00fc\u015fteri Memnuniyeti<\/div>\n\t\t\t\t\t\t\t\t\t<div id=\"elementor-tab-title-2575\" class=\"elementor-tab-title elementor-tab-desktop-title\" aria-selected=\"false\" data-tab=\"5\" role=\"tab\" tabindex=\"-1\" aria-controls=\"elementor-tab-content-2575\" aria-expanded=\"false\">Sosyal Sorumluluk<\/div>\n\t\t\t\t\t\t\t\t\t<div id=\"elementor-tab-title-2576\" class=\"elementor-tab-title elementor-tab-desktop-title\" aria-selected=\"false\" data-tab=\"6\" role=\"tab\" tabindex=\"-1\" aria-controls=\"elementor-tab-content-2576\" aria-expanded=\"false\">Yabanc\u0131 Madde<\/div>\n\t\t\t\t\t\t\t\t\t<div id=\"elementor-tab-title-2577\" class=\"elementor-tab-title elementor-tab-desktop-title\" aria-selected=\"false\" data-tab=\"7\" role=\"tab\" tabindex=\"-1\" aria-controls=\"elementor-tab-content-2577\" aria-expanded=\"false\">Enerji Politikas\u0131<\/div>\n\t\t\t\t\t\t\t<\/div>\n\t\t\t<div class=\"elementor-tabs-content-wrapper\" role=\"tablist\" aria-orientation=\"vertical\">\n\t\t\t\t\t\t\t\t\t<div class=\"elementor-tab-title elementor-tab-mobile-title\" aria-selected=\"true\" data-tab=\"1\" role=\"tab\" tabindex=\"0\" aria-controls=\"elementor-tab-content-2571\" aria-expanded=\"false\">\u0130\u015f Sa\u011fl\u0131\u011f\u0131 ve G\u00fcvenli\u011fi Politikas\u0131<\/div>\n\t\t\t\t\t<div id=\"elementor-tab-content-2571\" class=\"elementor-tab-content elementor-clearfix\" data-tab=\"1\" role=\"tabpanel\" aria-labelledby=\"elementor-tab-title-2571\" tabindex=\"0\" hidden=\"false\"><p><img loading=\"lazy\" class=\"alignnone wp-image-2601 size-full\" src=\"http:\/\/www.bakrac.com.tr\/wp-content\/uploads\/2023\/03\/is-sagligi-guvenligi.jpg\" alt=\"\" width=\"1000\" height=\"1415\" srcset=\"http:\/\/www.bakrac.com.tr\/wp-content\/uploads\/2023\/03\/is-sagligi-guvenligi.jpg 1000w, http:\/\/www.bakrac.com.tr\/wp-content\/uploads\/2023\/03\/is-sagligi-guvenligi-212x300.jpg 212w, http:\/\/www.bakrac.com.tr\/wp-content\/uploads\/2023\/03\/is-sagligi-guvenligi-848x1200.jpg 848w, http:\/\/www.bakrac.com.tr\/wp-content\/uploads\/2023\/03\/is-sagligi-guvenligi-768x1087.jpg 768w, http:\/\/www.bakrac.com.tr\/wp-content\/uploads\/2023\/03\/is-sagligi-guvenligi-8x12.jpg 8w, http:\/\/www.bakrac.com.tr\/wp-content\/uploads\/2023\/03\/is-sagligi-guvenligi-763x1080.jpg 763w, http:\/\/www.bakrac.com.tr\/wp-content\/uploads\/2023\/03\/is-sagligi-guvenligi-600x849.jpg 600w\" sizes=\"(max-width: 1000px) 100vw, 1000px\" \/><\/p><p style=\"text-align: center;\"><a href=\"http:\/\/www.bakrac.com.tr\/wp-content\/uploads\/2023\/03\/is-sagligi-guvenligi.pdf\">PDF DOSYASI<\/a><\/p><\/div>\n\t\t\t\t\t\t\t\t\t<div class=\"elementor-tab-title elementor-tab-mobile-title\" aria-selected=\"false\" data-tab=\"2\" role=\"tab\" tabindex=\"-1\" aria-controls=\"elementor-tab-content-2572\" aria-expanded=\"false\">Kalite ve G\u0131da G\u00fcvenli\u011fi<\/div>\n\t\t\t\t\t<div id=\"elementor-tab-content-2572\" class=\"elementor-tab-content elementor-clearfix\" data-tab=\"2\" role=\"tabpanel\" aria-labelledby=\"elementor-tab-title-2572\" tabindex=\"0\" hidden=\"hidden\"><p><img loading=\"lazy\" class=\"wp-image-2339 size-full alignnone\" src=\"http:\/\/www.bakrac.com.tr\/wp-content\/uploads\/2019\/04\/KAL\u0130TE-ve-GIDA-G\u00dcVENL\u0130\u011e\u0130.jpg\" alt=\"\" width=\"2481\" height=\"3510\" srcset=\"http:\/\/www.bakrac.com.tr\/wp-content\/uploads\/2019\/04\/KAL\u0130TE-ve-GIDA-G\u00dcVENL\u0130\u011e\u0130.jpg 595w, http:\/\/www.bakrac.com.tr\/wp-content\/uploads\/2019\/04\/KAL\u0130TE-ve-GIDA-G\u00dcVENL\u0130\u011e\u0130-212x300.jpg 212w\" sizes=\"(max-width: 2481px) 100vw, 2481px\" \/><\/p><p style=\"text-align: center;\"><a href=\"http:\/\/www.bakrac.com.tr\/wp-content\/uploads\/2018\/09\/kalite_ve_gida.pdf\">PDF DOSYASI<\/a><\/p><\/div>\n\t\t\t\t\t\t\t\t\t<div class=\"elementor-tab-title elementor-tab-mobile-title\" aria-selected=\"false\" data-tab=\"3\" role=\"tab\" tabindex=\"-1\" aria-controls=\"elementor-tab-content-2573\" aria-expanded=\"false\">\u00c7evre Politikas\u0131<\/div>\n\t\t\t\t\t<div id=\"elementor-tab-content-2573\" class=\"elementor-tab-content elementor-clearfix\" data-tab=\"3\" role=\"tabpanel\" aria-labelledby=\"elementor-tab-title-2573\" tabindex=\"0\" hidden=\"hidden\"><p><img loading=\"lazy\" class=\"alignnone wp-image-2347 size-full\" src=\"http:\/\/www.bakrac.com.tr\/wp-content\/uploads\/2019\/04\/\u00c7EVRE-POL\u0130T\u0130KASI.jpg\" alt=\"\" width=\"2481\" height=\"3510\" srcset=\"http:\/\/www.bakrac.com.tr\/wp-content\/uploads\/2019\/04\/\u00c7EVRE-POL\u0130T\u0130KASI.jpg 595w, http:\/\/www.bakrac.com.tr\/wp-content\/uploads\/2019\/04\/\u00c7EVRE-POL\u0130T\u0130KASI-212x300.jpg 212w\" sizes=\"(max-width: 2481px) 100vw, 2481px\" \/><\/p><p style=\"text-align: center;\"><a href=\"http:\/\/www.bakrac.com.tr\/wp-content\/uploads\/2018\/09\/cevre_politikasi.pdf\">PDF DOSYASI<\/a><\/p><\/div>\n\t\t\t\t\t\t\t\t\t<div class=\"elementor-tab-title elementor-tab-mobile-title\" aria-selected=\"false\" data-tab=\"4\" role=\"tab\" tabindex=\"-1\" aria-controls=\"elementor-tab-content-2574\" aria-expanded=\"false\">M\u00fc\u015fteri Memnuniyeti<\/div>\n\t\t\t\t\t<div id=\"elementor-tab-content-2574\" class=\"elementor-tab-content elementor-clearfix\" data-tab=\"4\" role=\"tabpanel\" aria-labelledby=\"elementor-tab-title-2574\" tabindex=\"0\" hidden=\"hidden\"><p><img loading=\"lazy\" class=\"alignnone wp-image-2349 size-full\" src=\"http:\/\/www.bakrac.com.tr\/wp-content\/uploads\/2019\/04\/M\u00dc\u015eTER\u0130-MEMNUN\u0130YET.jpg\" alt=\"\" width=\"2481\" height=\"3510\" srcset=\"http:\/\/www.bakrac.com.tr\/wp-content\/uploads\/2019\/04\/M\u00dc\u015eTER\u0130-MEMNUN\u0130YET.jpg 595w, http:\/\/www.bakrac.com.tr\/wp-content\/uploads\/2019\/04\/M\u00dc\u015eTER\u0130-MEMNUN\u0130YET-212x300.jpg 212w\" sizes=\"(max-width: 2481px) 100vw, 2481px\" \/><\/p><p style=\"text-align: center;\"><a href=\"http:\/\/www.bakrac.com.tr\/wp-content\/uploads\/2018\/09\/musteri_memnuniyet.pdf\">PDF DOSYASI<\/a><\/p><\/div>\n\t\t\t\t\t\t\t\t\t<div class=\"elementor-tab-title elementor-tab-mobile-title\" aria-selected=\"false\" data-tab=\"5\" role=\"tab\" tabindex=\"-1\" aria-controls=\"elementor-tab-content-2575\" aria-expanded=\"false\">Sosyal Sorumluluk<\/div>\n\t\t\t\t\t<div id=\"elementor-tab-content-2575\" class=\"elementor-tab-content elementor-clearfix\" data-tab=\"5\" role=\"tabpanel\" aria-labelledby=\"elementor-tab-title-2575\" tabindex=\"0\" hidden=\"hidden\"><p><img loading=\"lazy\" class=\"alignnone wp-image-2352 size-full\" src=\"http:\/\/www.bakrac.com.tr\/wp-content\/uploads\/2019\/04\/SOSYAL-SORUMLULUK.jpg\" alt=\"\" width=\"2481\" height=\"3510\" srcset=\"http:\/\/www.bakrac.com.tr\/wp-content\/uploads\/2019\/04\/SOSYAL-SORUMLULUK.jpg 595w, http:\/\/www.bakrac.com.tr\/wp-content\/uploads\/2019\/04\/SOSYAL-SORUMLULUK-212x300.jpg 212w\" sizes=\"(max-width: 2481px) 100vw, 2481px\" \/><\/p><p style=\"text-align: center;\"><a href=\"http:\/\/www.bakrac.com.tr\/wp-content\/uploads\/2018\/09\/sosyal_sorumluluk.pdf\">PDF DOSYASI<\/a><\/p><\/div>\n\t\t\t\t\t\t\t\t\t<div class=\"elementor-tab-title elementor-tab-mobile-title\" aria-selected=\"false\" data-tab=\"6\" role=\"tab\" tabindex=\"-1\" aria-controls=\"elementor-tab-content-2576\" aria-expanded=\"false\">Yabanc\u0131 Madde<\/div>\n\t\t\t\t\t<div id=\"elementor-tab-content-2576\" class=\"elementor-tab-content elementor-clearfix\" data-tab=\"6\" role=\"tabpanel\" aria-labelledby=\"elementor-tab-title-2576\" tabindex=\"0\" hidden=\"hidden\"><p><img loading=\"lazy\" class=\"alignnone wp-image-2355 size-full\" src=\"http:\/\/www.bakrac.com.tr\/wp-content\/uploads\/2019\/04\/YABANCI-MADDE.jpg\" alt=\"\" width=\"2481\" height=\"3510\" srcset=\"http:\/\/www.bakrac.com.tr\/wp-content\/uploads\/2019\/04\/YABANCI-MADDE.jpg 595w, http:\/\/www.bakrac.com.tr\/wp-content\/uploads\/2019\/04\/YABANCI-MADDE-212x300.jpg 212w\" sizes=\"(max-width: 2481px) 100vw, 2481px\" \/><\/p><p style=\"text-align: center;\"><a href=\"http:\/\/www.bakrac.com.tr\/wp-content\/uploads\/2018\/09\/yabanci_madde.pdf\">PDF DOSYASI<\/a><\/p><\/div>\n\t\t\t\t\t\t\t\t\t<div class=\"elementor-tab-title elementor-tab-mobile-title\" aria-selected=\"false\" data-tab=\"7\" role=\"tab\" tabindex=\"-1\" aria-controls=\"elementor-tab-content-2577\" aria-expanded=\"false\">Enerji Politikas\u0131<\/div>\n\t\t\t\t\t<div id=\"elementor-tab-content-2577\" class=\"elementor-tab-content elementor-clearfix\" data-tab=\"7\" role=\"tabpanel\" aria-labelledby=\"elementor-tab-title-2577\" tabindex=\"0\" hidden=\"hidden\"><img loading=\"lazy\" class=\"alignnone wp-image-2355 size-full\" src=\"http:\/\/www.bakrac.com.tr\/wp-content\/uploads\/2021\/04\/enerji-politikasi.jpg\" alt=\"\" width=\"2481\" height=\"3510\" \/>\n<p style=\"text-align: center;\"><a href=\"http:\/\/www.bakrac.com.tr\/wp-content\/uploads\/2021\/04\/enerji-politikasi.pdf\">PDF DOSYASI<\/a><\/p><\/div>\n\t\t\t\t\t\t\t<\/div>\n\t\t<\/div>\n\t\t\t\t<\/div>\n\t\t\t\t<\/div>\n\t\t\t\t\t<\/div>\n\t\t<\/div>\n\t\t\t\t\t\t\t<\/div>\n\t\t<\/section>\n\t\t\t\t<section class=\"has_eae_slider elementor-section elementor-top-section elementor-element elementor-element-227f477b elementor-section-boxed elementor-section-height-default elementor-section-height-default\" data-id=\"227f477b\" data-element_type=\"section\">\n\t\t\t\t\t\t<div class=\"elementor-container elementor-column-gap-default\">\n\t\t\t\t\t<div class=\"has_eae_slider elementor-column elementor-col-100 elementor-top-column elementor-element elementor-element-65c10a8c\" data-id=\"65c10a8c\" data-element_type=\"column\">\n\t\t\t<div class=\"elementor-widget-wrap elementor-element-populated\">\n\t\t\t\t\t\t\t\t<div class=\"elementor-element elementor-element-5489b75b elementor-widget elementor-widget-spacer\" data-id=\"5489b75b\" data-element_type=\"widget\" data-widget_type=\"spacer.default\">\n\t\t\t\t<div class=\"elementor-widget-container\">\n\t\t\t\t\t<div class=\"elementor-spacer\">\n\t\t\t<div class=\"elementor-spacer-inner\"><\/div>\n\t\t<\/div>\n\t\t\t\t<\/div>\n\t\t\t\t<\/div>\n\t\t\t\t\t<\/div>\n\t\t<\/div>\n\t\t\t\t\t\t\t<\/div>\n\t\t<\/section>\n\t\t\t\t<section class=\"has_eae_slider elementor-section elementor-top-section elementor-element elementor-element-e52017a elementor-section-boxed elementor-section-height-default elementor-section-height-default\" data-id=\"e52017a\" data-element_type=\"section\">\n\t\t\t\t\t\t<div class=\"elementor-container elementor-column-gap-default\">\n\t\t\t\t\t<div class=\"has_eae_slider elementor-column elementor-col-100 elementor-top-column elementor-element elementor-element-65243d86\" data-id=\"65243d86\" data-element_type=\"column\">\n\t\t\t<div class=\"elementor-widget-wrap elementor-element-populated\">\n\t\t\t\t\t\t\t\t<div class=\"elementor-element elementor-element-149b38d elementor-widget elementor-widget-image\" data-id=\"149b38d\" data-element_type=\"widget\" data-widget_type=\"image.default\">\n\t\t\t\t<div class=\"elementor-widget-container\">\n\t\t\t<style>\/*! elementor - v3.5.4 - 23-01-2022 *\/\n.elementor-widget-image{text-align:center}.elementor-widget-image a{display:inline-block}.elementor-widget-image a img[src$=\".svg\"]{width:48px}.elementor-widget-image img{vertical-align:middle;display:inline-block}<\/style>\t\t\t\t\t\t\t\t\t\t\t\t<img width=\"1662\" height=\"194\" src=\"http:\/\/www.bakrac.com.tr\/wp-content\/uploads\/2018\/06\/Calligraphic_Bakrac.png\" class=\"attachment-large size-large\" alt=\"\" loading=\"lazy\" srcset=\"http:\/\/www.bakrac.com.tr\/wp-content\/uploads\/2018\/06\/Calligraphic_Bakrac.png 1662w, http:\/\/www.bakrac.com.tr\/wp-content\/uploads\/2018\/06\/Calligraphic_Bakrac-300x35.png 300w, http:\/\/www.bakrac.com.tr\/wp-content\/uploads\/2018\/06\/Calligraphic_Bakrac-768x90.png 768w, http:\/\/www.bakrac.com.tr\/wp-content\/uploads\/2018\/06\/Calligraphic_Bakrac-1024x120.png 1024w\" sizes=\"(max-width: 1662px) 100vw, 1662px\" \/>\t\t\t\t\t\t\t\t\t\t\t\t\t\t\t<\/div>\n\t\t\t\t<\/div>\n\t\t\t\t\t<\/div>\n\t\t<\/div>\n\t\t\t\t\t\t\t<\/div>\n\t\t<\/section>\n\t\t\t\t<section class=\"has_eae_slider elementor-section elementor-top-section elementor-element elementor-element-60aae782 elementor-section-boxed elementor-section-height-default elementor-section-height-default\" data-id=\"60aae782\" data-element_type=\"section\">\n\t\t\t\t\t\t<div class=\"elementor-container elementor-column-gap-default\">\n\t\t\t\t\t<div class=\"has_eae_slider elementor-column elementor-col-100 elementor-top-column elementor-element elementor-element-2f1f57c7\" data-id=\"2f1f57c7\" data-element_type=\"column\">\n\t\t\t<div class=\"elementor-widget-wrap elementor-element-populated\">\n\t\t\t\t\t\t\t\t<div class=\"elementor-element elementor-element-53d480b3 elementor-widget elementor-widget-spacer\" data-id=\"53d480b3\" data-element_type=\"widget\" data-widget_type=\"spacer.default\">\n\t\t\t\t<div class=\"elementor-widget-container\">\n\t\t\t\t\t<div class=\"elementor-spacer\">\n\t\t\t<div class=\"elementor-spacer-inner\"><\/div>\n\t\t<\/div>\n\t\t\t\t<\/div>\n\t\t\t\t<\/div>\n\t\t\t\t\t<\/div>\n\t\t<\/div>\n\t\t\t\t\t\t\t<\/div>\n\t\t<\/section>\n\t\t\t\t<section class=\"has_eae_slider elementor-section elementor-top-section elementor-element elementor-element-303bd629 elementor-section-boxed elementor-section-height-default elementor-section-height-default\" data-id=\"303bd629\" data-element_type=\"section\">\n\t\t\t\t\t\t<div class=\"elementor-container elementor-column-gap-default\">\n\t\t\t\t\t<div class=\"has_eae_slider elementor-column elementor-col-100 elementor-top-column elementor-element elementor-element-6ffac48b\" data-id=\"6ffac48b\" data-element_type=\"column\">\n\t\t\t<div class=\"elementor-widget-wrap elementor-element-populated\">\n\t\t\t\t\t\t\t\t<div class=\"elementor-element elementor-element-79374dfc elementor-widget elementor-widget-heading\" data-id=\"79374dfc\" data-element_type=\"widget\" data-widget_type=\"heading.default\">\n\t\t\t\t<div class=\"elementor-widget-container\">\n\t\t\t<h3 class=\"elementor-heading-title elementor-size-default\">\"Ger\u00e7ek Anadolu Lezzetleri\"<\/h3>\t\t<\/div>\n\t\t\t\t<\/div>\n\t\t\t\t<div class=\"elementor-element elementor-element-58e19761 elementor-widget elementor-widget-spacer\" data-id=\"58e19761\" data-element_type=\"widget\" data-widget_type=\"spacer.default\">\n\t\t\t\t<div class=\"elementor-widget-container\">\n\t\t\t\t\t<div class=\"elementor-spacer\">\n\t\t\t<div class=\"elementor-spacer-inner\"><\/div>\n\t\t<\/div>\n\t\t\t\t<\/div>\n\t\t\t\t<\/div>\n\t\t\t\t\t<\/div>\n\t\t<\/div>\n\t\t\t\t\t\t\t<\/div>\n\t\t<\/section>\n\t\t\t\t\t\t<\/div>\n\t\t\t\t\t<\/div>\n\t\t","protected":false},"excerpt":{"rendered":"<p>BAKRA\u00c7 S\u00dcT VE S\u00dcT \u00dcR\u00dcNLER\u0130 \u0130\u015f Sa\u011fl\u0131\u011f\u0131 ve G\u00fcvenli\u011fi Politikas\u0131 Kalite ve G\u0131da G\u00fcvenli\u011fi \u00c7evre Politikas\u0131 M\u00fc\u015fteri Memnuniyeti Sosyal Sorumluluk Yabanc\u0131 Madde Enerji Politikas\u0131 \u0130\u015f Sa\u011fl\u0131\u011f\u0131 ve G\u00fcvenli\u011fi Politikas\u0131 PDF DOSYASI Kalite ve G\u0131da G\u00fcvenli\u011fi PDF DOSYASI \u00c7evre Politikas\u0131 PDF DOSYASI M\u00fc\u015fteri Memnuniyeti PDF DOSYASI Sosyal Sorumluluk PDF DOSYASI Yabanc\u0131 Madde PDF DOSYASI Enerji Politikas\u0131&hellip; <br \/> <a class=\"read-more\" href=\"http:\/\/www.bakrac.com.tr\/tr\/kalite-ve-gida-guvenligi\/\">Devam\u0131<\/a><\/p>\n","protected":false},"author":1,"featured_media":0,"parent":0,"menu_order":0,"comment_status":"closed","ping_status":"closed","template":"page-templates\/homepage.php","meta":[],"_links":{"self":[{"href":"http:\/\/www.bakrac.com.tr\/tr\/wp-json\/wp\/v2\/pages\/23"}],"collection":[{"href":"http:\/\/www.bakrac.com.tr\/tr\/wp-json\/wp\/v2\/pages"}],"about":[{"href":"http:\/\/www.bakrac.com.tr\/tr\/wp-json\/wp\/v2\/types\/page"}],"author":[{"embeddable":true,"href":"http:\/\/www.bakrac.com.tr\/tr\/wp-json\/wp\/v2\/users\/1"}],"replies":[{"embeddable":true,"href":"http:\/\/www.bakrac.com.tr\/tr\/wp-json\/wp\/v2\/comments?post=23"}],"version-history":[{"count":33,"href":"http:\/\/www.bakrac.com.tr\/tr\/wp-json\/wp\/v2\/pages\/23\/revisions"}],"predecessor-version":[{"id":2605,"href":"http:\/\/www.bakrac.com.tr\/tr\/wp-json\/wp\/v2\/pages\/23\/revisions\/2605"}],"wp:attachment":[{"href":"http:\/\/www.bakrac.com.tr\/tr\/wp-json\/wp\/v2\/media?parent=23"}],"curies":[{"name":"wp","href":"https:\/\/api.w.org\/{rel}","templated":true}]}}