{"id":21,"date":"2018-06-05T14:19:32","date_gmt":"2018-06-05T11:19:32","guid":{"rendered":"http:\/\/www.bakrac.com.tr\/?page_id=21"},"modified":"2019-04-09T10:11:41","modified_gmt":"2019-04-09T07:11:41","slug":"misyon-ve-vizyon","status":"publish","type":"page","link":"http:\/\/www.bakrac.com.tr\/tr\/misyon-ve-vizyon\/","title":{"rendered":"Misyon ve Vizyon"},"content":{"rendered":"\t\t<div data-elementor-type=\"wp-post\" data-elementor-id=\"21\" class=\"elementor elementor-21 elementor-bc-flex-widget\" data-elementor-settings=\"[]\">\n\t\t\t\t\t\t\t<div class=\"elementor-section-wrap\">\n\t\t\t\t\t\t\t<section class=\"has_eae_slider elementor-section elementor-top-section elementor-element elementor-element-335d6572 elementor-section-boxed elementor-section-height-default elementor-section-height-default\" data-id=\"335d6572\" data-element_type=\"section\">\n\t\t\t\t\t\t<div class=\"elementor-container elementor-column-gap-default\">\n\t\t\t\t\t<div class=\"has_eae_slider elementor-column elementor-col-100 elementor-top-column elementor-element elementor-element-14b24fbc\" data-id=\"14b24fbc\" data-element_type=\"column\">\n\t\t\t<div class=\"elementor-widget-wrap elementor-element-populated\">\n\t\t\t\t\t\t\t\t<div class=\"elementor-element elementor-element-681c34cf elementor-widget elementor-widget-text-editor\" data-id=\"681c34cf\" data-element_type=\"widget\" data-widget_type=\"text-editor.default\">\n\t\t\t\t<div class=\"elementor-widget-container\">\n\t\t\t<style>\/*! elementor - v3.5.4 - 23-01-2022 *\/\n.elementor-widget-text-editor.elementor-drop-cap-view-stacked .elementor-drop-cap{background-color:#818a91;color:#fff}.elementor-widget-text-editor.elementor-drop-cap-view-framed .elementor-drop-cap{color:#818a91;border:3px solid;background-color:transparent}.elementor-widget-text-editor:not(.elementor-drop-cap-view-default) .elementor-drop-cap{margin-top:8px}.elementor-widget-text-editor:not(.elementor-drop-cap-view-default) .elementor-drop-cap-letter{width:1em;height:1em}.elementor-widget-text-editor .elementor-drop-cap{float:left;text-align:center;line-height:1;font-size:50px}.elementor-widget-text-editor .elementor-drop-cap-letter{display:inline-block}<\/style>\t\t\t\t<p><strong><span style=\"font-family: Kautiva;\"><img loading=\"lazy\" class=\"alignleft\" src=\"http:\/\/www.bakrac.com.tr\/wp-content\/uploads\/2018\/06\/app-woman-white-solution-closeup-two_1418-517-300x200.jpg\" alt=\"\" width=\"525\" height=\"350\" \/>Vizyon\u00a0<\/span><\/strong><\/p><p><span style=\"font-family: Kautiva;\">Sekt\u00f6r\u00fcnde gerekli olan kalite y\u00f6netim sistemi belgesi, g\u0131da g\u00fcvenli\u011fi sistemi belgesi ve ayn\u0131 zamanda T\u00fcketici kalite \u00f6d\u00fcl\u00fc de olan Bakra\u00e7\u0131, etkili ve sa\u011fl\u0131kl\u0131 pazarlama ve \u00fcretim sistemi ile, T\u00fcrkiye genelinde h\u0131zl\u0131 ve etkin da\u011f\u0131t\u0131m a\u011f\u0131 ile t\u00fcketicilerine ula\u015ft\u0131rarak, \u00fclke ekonomisine katk\u0131s\u0131n\u0131 devam ettiren ulusal ve uluslar aras\u0131 bir Firma niteli\u011finde ilerletmektir. <\/span><\/p><p><strong><span style=\"font-family: Kautiva;\">Misyon<\/span><\/strong><\/p><p><span style=\"font-family: Kautiva;\">Kaliteli ve sa\u011fl\u0131kl\u0131 g\u0131dan\u0131n \u00e7ok daha fazla \u00f6nem arz etti\u011fi g\u00fcn\u00fcm\u00fcz d\u00fcnyas\u0131nda Bakra\u00e7 kalitesi ile bulu\u015fmu\u015f de\u011ferli t\u00fcketicilerimizden g\u00fc\u00e7 alarak \u00fcretim miktar\u0131m\u0131z\u0131 art\u0131rarak i\u00e7 ve d\u0131\u015f pazarlarda daha \u00e7ok ki\u015fiye ula\u015fmakt\u0131r.<\/span><\/p><p><a href=\"http:\/\/www.bakrac.com.tr\/wp-content\/uploads\/2018\/09\/cevre_politikasi.pdf\" target=\"_blank\" rel=\"noopener\">\u00c7evre politikam\u0131z i\u00e7in t\u0131klay\u0131n\u0131z.<\/a><\/p>\t\t\t\t\t\t<\/div>\n\t\t\t\t<\/div>\n\t\t\t\t\t<\/div>\n\t\t<\/div>\n\t\t\t\t\t\t\t<\/div>\n\t\t<\/section>\n\t\t\t\t<section class=\"has_eae_slider elementor-section elementor-top-section elementor-element elementor-element-2c0f652a elementor-section-boxed elementor-section-height-default elementor-section-height-default\" data-id=\"2c0f652a\" data-element_type=\"section\">\n\t\t\t\t\t\t<div class=\"elementor-container elementor-column-gap-default\">\n\t\t\t\t\t<div class=\"has_eae_slider elementor-column elementor-col-100 elementor-top-column elementor-element elementor-element-35acd6ee\" data-id=\"35acd6ee\" data-element_type=\"column\">\n\t\t\t<div class=\"elementor-widget-wrap elementor-element-populated\">\n\t\t\t\t\t\t\t\t<div class=\"elementor-element elementor-element-77bd90b2 elementor-widget elementor-widget-spacer\" data-id=\"77bd90b2\" data-element_type=\"widget\" data-widget_type=\"spacer.default\">\n\t\t\t\t<div class=\"elementor-widget-container\">\n\t\t\t\t\t<div class=\"elementor-spacer\">\n\t\t\t<div class=\"elementor-spacer-inner\"><\/div>\n\t\t<\/div>\n\t\t\t\t<\/div>\n\t\t\t\t<\/div>\n\t\t\t\t\t<\/div>\n\t\t<\/div>\n\t\t\t\t\t\t\t<\/div>\n\t\t<\/section>\n\t\t\t\t<section class=\"has_eae_slider elementor-section elementor-top-section elementor-element elementor-element-55ffd4d5 elementor-section-boxed elementor-section-height-default elementor-section-height-default\" data-id=\"55ffd4d5\" data-element_type=\"section\">\n\t\t\t\t\t\t<div class=\"elementor-container elementor-column-gap-default\">\n\t\t\t\t\t<div class=\"has_eae_slider elementor-column elementor-col-100 elementor-top-column elementor-element elementor-element-42fedbc5\" data-id=\"42fedbc5\" data-element_type=\"column\">\n\t\t\t<div class=\"elementor-widget-wrap elementor-element-populated\">\n\t\t\t\t\t\t\t\t<div class=\"elementor-element elementor-element-13d5c3e1 elementor-widget elementor-widget-image\" data-id=\"13d5c3e1\" data-element_type=\"widget\" data-widget_type=\"image.default\">\n\t\t\t\t<div class=\"elementor-widget-container\">\n\t\t\t<style>\/*! elementor - v3.5.4 - 23-01-2022 *\/\n.elementor-widget-image{text-align:center}.elementor-widget-image a{display:inline-block}.elementor-widget-image a img[src$=\".svg\"]{width:48px}.elementor-widget-image img{vertical-align:middle;display:inline-block}<\/style>\t\t\t\t\t\t\t\t\t\t\t\t<img width=\"1662\" height=\"194\" src=\"http:\/\/www.bakrac.com.tr\/wp-content\/uploads\/2018\/06\/Calligraphic_Bakrac.png\" class=\"attachment-large size-large\" alt=\"\" loading=\"lazy\" srcset=\"http:\/\/www.bakrac.com.tr\/wp-content\/uploads\/2018\/06\/Calligraphic_Bakrac.png 1662w, http:\/\/www.bakrac.com.tr\/wp-content\/uploads\/2018\/06\/Calligraphic_Bakrac-300x35.png 300w, http:\/\/www.bakrac.com.tr\/wp-content\/uploads\/2018\/06\/Calligraphic_Bakrac-768x90.png 768w, http:\/\/www.bakrac.com.tr\/wp-content\/uploads\/2018\/06\/Calligraphic_Bakrac-1024x120.png 1024w\" sizes=\"(max-width: 1662px) 100vw, 1662px\" \/>\t\t\t\t\t\t\t\t\t\t\t\t\t\t\t<\/div>\n\t\t\t\t<\/div>\n\t\t\t\t\t<\/div>\n\t\t<\/div>\n\t\t\t\t\t\t\t<\/div>\n\t\t<\/section>\n\t\t\t\t<section class=\"has_eae_slider elementor-section elementor-top-section elementor-element elementor-element-2c4383d5 elementor-section-boxed elementor-section-height-default elementor-section-height-default\" data-id=\"2c4383d5\" data-element_type=\"section\">\n\t\t\t\t\t\t<div class=\"elementor-container elementor-column-gap-default\">\n\t\t\t\t\t<div class=\"has_eae_slider elementor-column elementor-col-100 elementor-top-column elementor-element elementor-element-33cb9123\" data-id=\"33cb9123\" data-element_type=\"column\">\n\t\t\t<div class=\"elementor-widget-wrap elementor-element-populated\">\n\t\t\t\t\t\t\t\t<div class=\"elementor-element elementor-element-5e3c0f89 elementor-widget elementor-widget-spacer\" data-id=\"5e3c0f89\" data-element_type=\"widget\" data-widget_type=\"spacer.default\">\n\t\t\t\t<div class=\"elementor-widget-container\">\n\t\t\t\t\t<div class=\"elementor-spacer\">\n\t\t\t<div class=\"elementor-spacer-inner\"><\/div>\n\t\t<\/div>\n\t\t\t\t<\/div>\n\t\t\t\t<\/div>\n\t\t\t\t\t<\/div>\n\t\t<\/div>\n\t\t\t\t\t\t\t<\/div>\n\t\t<\/section>\n\t\t\t\t<section class=\"has_eae_slider elementor-section elementor-top-section elementor-element elementor-element-693fbef8 elementor-section-boxed elementor-section-height-default elementor-section-height-default\" data-id=\"693fbef8\" data-element_type=\"section\">\n\t\t\t\t\t\t<div class=\"elementor-container elementor-column-gap-default\">\n\t\t\t\t\t<div class=\"has_eae_slider elementor-column elementor-col-100 elementor-top-column elementor-element elementor-element-4591e61d\" data-id=\"4591e61d\" data-element_type=\"column\">\n\t\t\t<div class=\"elementor-widget-wrap elementor-element-populated\">\n\t\t\t\t\t\t\t\t<div class=\"elementor-element elementor-element-4b783e90 elementor-widget elementor-widget-heading\" data-id=\"4b783e90\" data-element_type=\"widget\" data-widget_type=\"heading.default\">\n\t\t\t\t<div class=\"elementor-widget-container\">\n\t\t\t<style>\/*! elementor - v3.5.4 - 23-01-2022 *\/\n.elementor-heading-title{padding:0;margin:0;line-height:1}.elementor-widget-heading .elementor-heading-title[class*=elementor-size-]>a{color:inherit;font-size:inherit;line-height:inherit}.elementor-widget-heading .elementor-heading-title.elementor-size-small{font-size:15px}.elementor-widget-heading .elementor-heading-title.elementor-size-medium{font-size:19px}.elementor-widget-heading .elementor-heading-title.elementor-size-large{font-size:29px}.elementor-widget-heading .elementor-heading-title.elementor-size-xl{font-size:39px}.elementor-widget-heading .elementor-heading-title.elementor-size-xxl{font-size:59px}<\/style><h3 class=\"elementor-heading-title elementor-size-default\">\"Ger\u00e7ek Anadolu Lezzetleri\"<\/h3>\t\t<\/div>\n\t\t\t\t<\/div>\n\t\t\t\t<div class=\"elementor-element elementor-element-6426ed79 elementor-widget elementor-widget-spacer\" data-id=\"6426ed79\" data-element_type=\"widget\" data-widget_type=\"spacer.default\">\n\t\t\t\t<div class=\"elementor-widget-container\">\n\t\t\t\t\t<div class=\"elementor-spacer\">\n\t\t\t<div class=\"elementor-spacer-inner\"><\/div>\n\t\t<\/div>\n\t\t\t\t<\/div>\n\t\t\t\t<\/div>\n\t\t\t\t\t<\/div>\n\t\t<\/div>\n\t\t\t\t\t\t\t<\/div>\n\t\t<\/section>\n\t\t\t\t<section class=\"has_eae_slider elementor-section elementor-top-section elementor-element elementor-element-4db4957a elementor-section-boxed elementor-section-height-default elementor-section-height-default\" data-id=\"4db4957a\" data-element_type=\"section\">\n\t\t\t\t\t\t<div class=\"elementor-container elementor-column-gap-default\">\n\t\t\t\t\t<div class=\"has_eae_slider elementor-column elementor-col-100 elementor-top-column elementor-element elementor-element-42aa0332\" data-id=\"42aa0332\" data-element_type=\"column\">\n\t\t\t<div class=\"elementor-widget-wrap\">\n\t\t\t\t\t\t\t\t\t<\/div>\n\t\t<\/div>\n\t\t\t\t\t\t\t<\/div>\n\t\t<\/section>\n\t\t\t\t\t\t<\/div>\n\t\t\t\t\t<\/div>\n\t\t","protected":false},"excerpt":{"rendered":"<p>Vizyon\u00a0 Sekt\u00f6r\u00fcnde gerekli olan kalite y\u00f6netim sistemi belgesi, g\u0131da g\u00fcvenli\u011fi sistemi belgesi ve ayn\u0131 zamanda T\u00fcketici kalite \u00f6d\u00fcl\u00fc de olan Bakra\u00e7\u0131, etkili ve sa\u011fl\u0131kl\u0131 pazarlama ve \u00fcretim sistemi ile, T\u00fcrkiye genelinde h\u0131zl\u0131 ve etkin da\u011f\u0131t\u0131m a\u011f\u0131 ile t\u00fcketicilerine ula\u015ft\u0131rarak, \u00fclke ekonomisine katk\u0131s\u0131n\u0131 devam ettiren ulusal ve uluslar aras\u0131 bir Firma niteli\u011finde ilerletmektir. Misyon Kaliteli ve&hellip; <br \/> <a class=\"read-more\" href=\"http:\/\/www.bakrac.com.tr\/tr\/misyon-ve-vizyon\/\">Devam\u0131<\/a><\/p>\n","protected":false},"author":1,"featured_media":0,"parent":0,"menu_order":0,"comment_status":"closed","ping_status":"closed","template":"page-templates\/homepage.php","meta":[],"_links":{"self":[{"href":"http:\/\/www.bakrac.com.tr\/tr\/wp-json\/wp\/v2\/pages\/21"}],"collection":[{"href":"http:\/\/www.bakrac.com.tr\/tr\/wp-json\/wp\/v2\/pages"}],"about":[{"href":"http:\/\/www.bakrac.com.tr\/tr\/wp-json\/wp\/v2\/types\/page"}],"author":[{"embeddable":true,"href":"http:\/\/www.bakrac.com.tr\/tr\/wp-json\/wp\/v2\/users\/1"}],"replies":[{"embeddable":true,"href":"http:\/\/www.bakrac.com.tr\/tr\/wp-json\/wp\/v2\/comments?post=21"}],"version-history":[{"count":16,"href":"http:\/\/www.bakrac.com.tr\/tr\/wp-json\/wp\/v2\/pages\/21\/revisions"}],"predecessor-version":[{"id":2362,"href":"http:\/\/www.bakrac.com.tr\/tr\/wp-json\/wp\/v2\/pages\/21\/revisions\/2362"}],"wp:attachment":[{"href":"http:\/\/www.bakrac.com.tr\/tr\/wp-json\/wp\/v2\/media?parent=21"}],"curies":[{"name":"wp","href":"https:\/\/api.w.org\/{rel}","templated":true}]}}