{"id":7,"date":"2018-06-05T14:18:14","date_gmt":"2018-06-05T11:18:14","guid":{"rendered":"http:\/\/www.bakrac.com.tr\/?page_id=7"},"modified":"2018-07-11T10:54:18","modified_gmt":"2018-07-11T07:54:18","slug":"kurumsal","status":"publish","type":"page","link":"http:\/\/www.bakrac.com.tr\/en\/kurumsal\/","title":{"rendered":"Corporate"},"content":{"rendered":"<div data-elementor-type=\"wp-post\" data-elementor-id=\"7\" class=\"elementor elementor-7 elementor-bc-flex-widget\" data-elementor-settings=\"[]\">\n\t\t\t\t\t\t\t<div class=\"elementor-section-wrap\">\n\t\t\t\t\t\t\t<section class=\"has_eae_slider elementor-section elementor-top-section elementor-element elementor-element-1503b69a elementor-section-boxed elementor-section-height-default elementor-section-height-default\" data-id=\"1503b69a\" data-element_type=\"section\">\n\t\t\t\t\t\t<div class=\"elementor-container elementor-column-gap-default\">\n\t\t\t\t\t<div class=\"has_eae_slider elementor-column elementor-col-100 elementor-top-column elementor-element elementor-element-5423ad0c\" data-id=\"5423ad0c\" data-element_type=\"column\">\n\t\t\t<div class=\"elementor-widget-wrap elementor-element-populated\">\n\t\t\t\t\t\t\t\t<div class=\"elementor-element elementor-element-11c16aaf elementor-widget elementor-widget-text-editor\" data-id=\"11c16aaf\" data-element_type=\"widget\" data-widget_type=\"text-editor.default\">\n\t\t\t\t<div class=\"elementor-widget-container\">\n\t\t\t<style>\/*! elementor - v3.5.4 - 23-01-2022 *\/\n.elementor-widget-text-editor.elementor-drop-cap-view-stacked .elementor-drop-cap{background-color:#818a91;color:#fff}.elementor-widget-text-editor.elementor-drop-cap-view-framed .elementor-drop-cap{color:#818a91;border:3px solid;background-color:transparent}.elementor-widget-text-editor:not(.elementor-drop-cap-view-default) .elementor-drop-cap{margin-top:8px}.elementor-widget-text-editor:not(.elementor-drop-cap-view-default) .elementor-drop-cap-letter{width:1em;height:1em}.elementor-widget-text-editor .elementor-drop-cap{float:left;text-align:center;line-height:1;font-size:50px}.elementor-widget-text-editor .elementor-drop-cap-letter{display:inline-block}<\/style>\t\t\t\t<img loading=\"lazy\" class=\"aligncenter wp-image-939\" src=\"http:\/\/www.bakrac.com.tr\/wp-content\/uploads\/2018\/06\/endustri-g\u00f6rselleri-kurumsal.jpg\" alt=\"\" width=\"1424\" height=\"531\" srcset=\"http:\/\/www.bakrac.com.tr\/wp-content\/uploads\/2018\/06\/endustri-g\u00f6rselleri-kurumsal.jpg 1180w, http:\/\/www.bakrac.com.tr\/wp-content\/uploads\/2018\/06\/endustri-g\u00f6rselleri-kurumsal-600x224.jpg 600w, http:\/\/www.bakrac.com.tr\/wp-content\/uploads\/2018\/06\/endustri-g\u00f6rselleri-kurumsal-300x112.jpg 300w, http:\/\/www.bakrac.com.tr\/wp-content\/uploads\/2018\/06\/endustri-g\u00f6rselleri-kurumsal-768x286.jpg 768w, http:\/\/www.bakrac.com.tr\/wp-content\/uploads\/2018\/06\/endustri-g\u00f6rselleri-kurumsal-1024x382.jpg 1024w\" sizes=\"(max-width: 1424px) 100vw, 1424px\" \/>\n\n<hr \/>\n<p style=\"text-align: center;\">Fabrikam\u0131z Amasya, Samsun, \u00c7orum,Tokat ve Sivas illerinde kurulu s\u00fct \u00fcreticileri birlikleri,devlet \u00fcretim \u00e7iftlikleri, dam\u0131zl\u0131k s\u0131\u011f\u0131r yeti\u015ftiricileri birlikleri,kooperatifler ve \u00f6zel \u00e7iftlikler arac\u0131l\u0131\u011f\u0131 ile tedarik etti\u011fi s\u00fctlerle b\u00f6lge s\u00fct \u00fcreticisine ve \u00fcretimine destek vermektedir.Bu tedarik edilen s\u00fctler modern fabrikam\u0131zda tecr\u00fcbeli, yeti\u015fkin ve istekli personel kadromuzun personel ve ekipman hijyeni ile \u00fcr\u00fcn tazeli\u011fine \u00f6nem veren politikas\u0131 ile t\u00fcketici isteklerine cevap veren ve halk\u0131n tercihi olan kaliteli \u00fcr\u00fcnler halinde t\u00fcketicilerimize sunulmaktad\u0131r. Prensipli, \u00e7al\u0131\u015fkan kadrosu ile yenilikleri takip ederek s\u00fcrekli geli\u015fmekte olan bakra\u00e7, sekt\u00f6rde farkl\u0131l\u0131\u011f\u0131n\u0131 hissettirecek yere gelme politikas\u0131 ile \u00e7al\u0131\u015fmaya devam etmektedir. 2011 y\u0131l\u0131nda \u00fcr\u00fcn \u00e7e\u015fitlili\u011fine UHT s\u00fct\u00fc de katarak b\u00f6lgesel firma pozisyonundan kurtulan BAKRA\u00c7, Ulusal bir kurulu\u015f oldu\u011funu ispatlayarak, hedefinin t\u00fcm T\u00fcrkiye ye hitap etmekten \u00f6te, hali haz\u0131rda Irak&#8217;a yapt\u0131\u011f\u0131 ihracata ba\u015fka \u00fclkeleri de ekleyerek Uluslar aras\u0131 alanda da \u00fclkemizin gururu olmak yolunda h\u0131zla ilerleyece\u011fini kan\u0131tlamaktad\u0131r.<\/p>\n\n\n<hr \/>\t\t\t\t\t\t<\/div>\n\t\t\t\t<\/div>\n\t\t\t\t\t<\/div>\n\t\t<\/div>\n\t\t\t\t\t\t\t<\/div>\n\t\t<\/section>\n\t\t\t\t<section class=\"has_eae_slider elementor-section elementor-top-section elementor-element elementor-element-692bf88a elementor-section-boxed elementor-section-height-default elementor-section-height-default\" data-id=\"692bf88a\" data-element_type=\"section\">\n\t\t\t\t\t\t<div class=\"elementor-container elementor-column-gap-default\">\n\t\t\t\t\t<div class=\"has_eae_slider elementor-column elementor-col-100 elementor-top-column elementor-element elementor-element-148bbe67\" data-id=\"148bbe67\" data-element_type=\"column\">\n\t\t\t<div class=\"elementor-widget-wrap elementor-element-populated\">\n\t\t\t\t\t\t\t\t<div class=\"elementor-element elementor-element-a2174bd elementor-widget elementor-widget-spacer\" data-id=\"a2174bd\" data-element_type=\"widget\" data-widget_type=\"spacer.default\">\n\t\t\t\t<div class=\"elementor-widget-container\">\n\t\t\t\t\t<div class=\"elementor-spacer\">\n\t\t\t<div class=\"elementor-spacer-inner\"><\/div>\n\t\t<\/div>\n\t\t\t\t<\/div>\n\t\t\t\t<\/div>\n\t\t\t\t\t<\/div>\n\t\t<\/div>\n\t\t\t\t\t\t\t<\/div>\n\t\t<\/section>\n\t\t\t\t<section class=\"has_eae_slider elementor-section elementor-top-section elementor-element elementor-element-5acb6a15 elementor-section-boxed elementor-section-height-default elementor-section-height-default\" data-id=\"5acb6a15\" data-element_type=\"section\">\n\t\t\t\t\t\t<div class=\"elementor-container elementor-column-gap-default\">\n\t\t\t\t\t<div class=\"has_eae_slider elementor-column elementor-col-100 elementor-top-column elementor-element elementor-element-356cb206\" data-id=\"356cb206\" data-element_type=\"column\">\n\t\t\t<div class=\"elementor-widget-wrap elementor-element-populated\">\n\t\t\t\t\t\t\t\t<div class=\"elementor-element elementor-element-76a272ba elementor-widget elementor-widget-image\" data-id=\"76a272ba\" data-element_type=\"widget\" data-widget_type=\"image.default\">\n\t\t\t\t<div class=\"elementor-widget-container\">\n\t\t\t<style>\/*! elementor - v3.5.4 - 23-01-2022 *\/\n.elementor-widget-image{text-align:center}.elementor-widget-image a{display:inline-block}.elementor-widget-image a img[src$=\".svg\"]{width:48px}.elementor-widget-image img{vertical-align:middle;display:inline-block}<\/style>\t\t\t\t\t\t\t\t\t\t\t\t<img width=\"1662\" height=\"194\" src=\"http:\/\/www.bakrac.com.tr\/wp-content\/uploads\/2018\/06\/Calligraphic_Bakrac.png\" class=\"attachment-large size-large\" alt=\"\" loading=\"lazy\" srcset=\"http:\/\/www.bakrac.com.tr\/wp-content\/uploads\/2018\/06\/Calligraphic_Bakrac.png 1662w, http:\/\/www.bakrac.com.tr\/wp-content\/uploads\/2018\/06\/Calligraphic_Bakrac-300x35.png 300w, http:\/\/www.bakrac.com.tr\/wp-content\/uploads\/2018\/06\/Calligraphic_Bakrac-768x90.png 768w, http:\/\/www.bakrac.com.tr\/wp-content\/uploads\/2018\/06\/Calligraphic_Bakrac-1024x120.png 1024w\" sizes=\"(max-width: 1662px) 100vw, 1662px\" \/>\t\t\t\t\t\t\t\t\t\t\t\t\t\t\t<\/div>\n\t\t\t\t<\/div>\n\t\t\t\t\t<\/div>\n\t\t<\/div>\n\t\t\t\t\t\t\t<\/div>\n\t\t<\/section>\n\t\t\t\t<section class=\"has_eae_slider elementor-section elementor-top-section elementor-element elementor-element-7d21bd84 elementor-section-boxed elementor-section-height-default elementor-section-height-default\" data-id=\"7d21bd84\" data-element_type=\"section\">\n\t\t\t\t\t\t<div class=\"elementor-container elementor-column-gap-default\">\n\t\t\t\t\t<div class=\"has_eae_slider elementor-column elementor-col-100 elementor-top-column elementor-element elementor-element-1e47cef4\" data-id=\"1e47cef4\" data-element_type=\"column\">\n\t\t\t<div class=\"elementor-widget-wrap elementor-element-populated\">\n\t\t\t\t\t\t\t\t<div class=\"elementor-element elementor-element-51d5069b elementor-widget elementor-widget-spacer\" data-id=\"51d5069b\" data-element_type=\"widget\" data-widget_type=\"spacer.default\">\n\t\t\t\t<div class=\"elementor-widget-container\">\n\t\t\t\t\t<div class=\"elementor-spacer\">\n\t\t\t<div class=\"elementor-spacer-inner\"><\/div>\n\t\t<\/div>\n\t\t\t\t<\/div>\n\t\t\t\t<\/div>\n\t\t\t\t\t<\/div>\n\t\t<\/div>\n\t\t\t\t\t\t\t<\/div>\n\t\t<\/section>\n\t\t\t\t<section class=\"has_eae_slider elementor-section elementor-top-section elementor-element elementor-element-181a1d4 elementor-section-boxed elementor-section-height-default elementor-section-height-default\" data-id=\"181a1d4\" data-element_type=\"section\">\n\t\t\t\t\t\t<div class=\"elementor-container elementor-column-gap-default\">\n\t\t\t\t\t<div class=\"has_eae_slider elementor-column elementor-col-100 elementor-top-column elementor-element elementor-element-311038c9\" data-id=\"311038c9\" data-element_type=\"column\">\n\t\t\t<div class=\"elementor-widget-wrap elementor-element-populated\">\n\t\t\t\t\t\t\t\t<div class=\"elementor-element elementor-element-2758c29f elementor-widget elementor-widget-heading\" data-id=\"2758c29f\" data-element_type=\"widget\" data-widget_type=\"heading.default\">\n\t\t\t\t<div class=\"elementor-widget-container\">\n\t\t\t<style>\/*! elementor - v3.5.4 - 23-01-2022 *\/\n.elementor-heading-title{padding:0;margin:0;line-height:1}.elementor-widget-heading .elementor-heading-title[class*=elementor-size-]>a{color:inherit;font-size:inherit;line-height:inherit}.elementor-widget-heading .elementor-heading-title.elementor-size-small{font-size:15px}.elementor-widget-heading .elementor-heading-title.elementor-size-medium{font-size:19px}.elementor-widget-heading .elementor-heading-title.elementor-size-large{font-size:29px}.elementor-widget-heading .elementor-heading-title.elementor-size-xl{font-size:39px}.elementor-widget-heading .elementor-heading-title.elementor-size-xxl{font-size:59px}<\/style><h3 class=\"elementor-heading-title elementor-size-default\">\"THE SOURCE OF REAL ANATOLIAN TASTES\"<\/h3>\t\t<\/div>\n\t\t\t\t<\/div>\n\t\t\t\t\t<\/div>\n\t\t<\/div>\n\t\t\t\t\t\t\t<\/div>\n\t\t<\/section>\n\t\t\t\t<section class=\"has_eae_slider elementor-section elementor-top-section elementor-element elementor-element-19cc3f4b elementor-section-boxed elementor-section-height-default elementor-section-height-default\" data-id=\"19cc3f4b\" data-element_type=\"section\">\n\t\t\t\t\t\t<div class=\"elementor-container elementor-column-gap-default\">\n\t\t\t\t\t<div class=\"has_eae_slider elementor-column elementor-col-100 elementor-top-column elementor-element elementor-element-49183b77\" data-id=\"49183b77\" data-element_type=\"column\">\n\t\t\t<div class=\"elementor-widget-wrap\">\n\t\t\t\t\t\t\t\t\t<\/div>\n\t\t<\/div>\n\t\t\t\t\t\t\t<\/div>\n\t\t<\/section>\n\t\t\t\t\t\t<\/div>\n\t\t\t\t\t<\/div>","protected":false},"excerpt":{"rendered":"<p>Fabrikam\u0131z Amasya, Samsun, \u00c7orum,Tokat ve Sivas illerinde kurulu s\u00fct \u00fcreticileri birlikleri,devlet \u00fcretim \u00e7iftlikleri, dam\u0131zl\u0131k s\u0131\u011f\u0131r yeti\u015ftiricileri birlikleri,kooperatifler ve \u00f6zel \u00e7iftlikler arac\u0131l\u0131\u011f\u0131 ile tedarik etti\u011fi s\u00fctlerle b\u00f6lge s\u00fct \u00fcreticisine ve \u00fcretimine destek vermektedir.Bu tedarik edilen s\u00fctler modern fabrikam\u0131zda tecr\u00fcbeli, yeti\u015fkin ve istekli personel kadromuzun personel ve ekipman hijyeni ile \u00fcr\u00fcn tazeli\u011fine \u00f6nem veren politikas\u0131 ile t\u00fcketici&hellip; <br \/> <a class=\"read-more\" href=\"http:\/\/www.bakrac.com.tr\/en\/kurumsal\/\">Read more<\/a><\/p>","protected":false},"author":1,"featured_media":731,"parent":0,"menu_order":0,"comment_status":"closed","ping_status":"closed","template":"page-templates\/homepage.php","meta":[],"_links":{"self":[{"href":"http:\/\/www.bakrac.com.tr\/en\/wp-json\/wp\/v2\/pages\/7"}],"collection":[{"href":"http:\/\/www.bakrac.com.tr\/en\/wp-json\/wp\/v2\/pages"}],"about":[{"href":"http:\/\/www.bakrac.com.tr\/en\/wp-json\/wp\/v2\/types\/page"}],"author":[{"embeddable":true,"href":"http:\/\/www.bakrac.com.tr\/en\/wp-json\/wp\/v2\/users\/1"}],"replies":[{"embeddable":true,"href":"http:\/\/www.bakrac.com.tr\/en\/wp-json\/wp\/v2\/comments?post=7"}],"version-history":[{"count":21,"href":"http:\/\/www.bakrac.com.tr\/en\/wp-json\/wp\/v2\/pages\/7\/revisions"}],"predecessor-version":[{"id":2132,"href":"http:\/\/www.bakrac.com.tr\/en\/wp-json\/wp\/v2\/pages\/7\/revisions\/2132"}],"wp:featuredmedia":[{"embeddable":true,"href":"http:\/\/www.bakrac.com.tr\/en\/wp-json\/wp\/v2\/media\/731"}],"wp:attachment":[{"href":"http:\/\/www.bakrac.com.tr\/en\/wp-json\/wp\/v2\/media?parent=7"}],"curies":[{"name":"wp","href":"https:\/\/api.w.org\/{rel}","templated":true}]}}